{"id":20695,"date":"2021-07-20T10:49:48","date_gmt":"2021-07-20T08:49:48","guid":{"rendered":"https:\/\/www.cong-pratt.com\/contatti\/"},"modified":"2023-08-14T15:52:08","modified_gmt":"2023-08-14T13:52:08","slug":"kontakt","status":"publish","type":"page","link":"https:\/\/www.cong-pratt.com\/de\/kontakt\/","title":{"rendered":"Kontakt"},"content":{"rendered":"\t\t<div data-elementor-type=\"wp-page\" data-elementor-id=\"20695\" class=\"elementor elementor-20695 elementor-3110\" data-elementor-post-type=\"page\">\n\t\t\t\t\t\t<section class=\"elementor-section elementor-top-section elementor-element elementor-element-176b96c elementor-section-full_width elementor-section-height-min-height elementor-section-height-default elementor-section-items-middle\" data-id=\"176b96c\" data-element_type=\"section\" data-settings=\"{&quot;background_background&quot;:&quot;classic&quot;}\">\n\t\t\t\t\t\t<div class=\"elementor-container elementor-column-gap-no\">\n\t\t\t\t\t<div class=\"elementor-column elementor-col-100 elementor-top-column elementor-element elementor-element-f7ea317\" data-id=\"f7ea317\" data-element_type=\"column\">\n\t\t\t<div class=\"elementor-widget-wrap\">\n\t\t\t\t\t\t\t<\/div>\n\t\t<\/div>\n\t\t\t\t\t<\/div>\n\t\t<\/section>\n\t\t\t\t<section class=\"elementor-section elementor-top-section elementor-element elementor-element-08a6c42 elementor-section-full_width elementor-section-height-default elementor-section-height-default\" data-id=\"08a6c42\" data-element_type=\"section\">\n\t\t\t\t\t\t<div class=\"elementor-container elementor-column-gap-wider\">\n\t\t\t\t\t<div class=\"elementor-column elementor-col-50 elementor-top-column elementor-element elementor-element-18129c8\" data-id=\"18129c8\" data-element_type=\"column\">\n\t\t\t<div class=\"elementor-widget-wrap elementor-element-populated\">\n\t\t\t\t\t\t<div class=\"elementor-element elementor-element-2b9c08d elementor-widget elementor-widget-image\" data-id=\"2b9c08d\" data-element_type=\"widget\" data-widget_type=\"image.default\">\n\t\t\t\t<div class=\"elementor-widget-container\">\n\t\t\t\t\t\t\t\t\t\t\t\t\t\t\t<img fetchpriority=\"high\" decoding=\"async\" width=\"800\" height=\"726\" src=\"https:\/\/www.cong-pratt.com\/wp-content\/uploads\/2021\/07\/contatti_1.jpg\" class=\"attachment-large size-large wp-image-3116\" alt=\"\" srcset=\"https:\/\/www.cong-pratt.com\/wp-content\/uploads\/2021\/07\/contatti_1.jpg 933w, https:\/\/www.cong-pratt.com\/wp-content\/uploads\/2021\/07\/contatti_1-300x272.jpg 300w, https:\/\/www.cong-pratt.com\/wp-content\/uploads\/2021\/07\/contatti_1-768x697.jpg 768w\" sizes=\"(max-width: 800px) 100vw, 800px\" \/>\t\t\t\t\t\t\t\t\t\t\t\t\t\t\t<\/div>\n\t\t\t\t<\/div>\n\t\t\t\t\t<\/div>\n\t\t<\/div>\n\t\t\t\t<div class=\"elementor-column elementor-col-50 elementor-top-column elementor-element elementor-element-5ca7e29\" data-id=\"5ca7e29\" data-element_type=\"column\">\n\t\t\t<div class=\"elementor-widget-wrap elementor-element-populated\">\n\t\t\t\t\t\t<div class=\"elementor-element elementor-element-db92cf6 elementor-widget-mobile__width-initial elementor-widget__width-initial elementor-widget elementor-widget-heading\" data-id=\"db92cf6\" data-element_type=\"widget\" data-widget_type=\"heading.default\">\n\t\t\t\t<div class=\"elementor-widget-container\">\n\t\t\t\t\t<h2 class=\"elementor-heading-title elementor-size-default\">Unsere Buros<\/h2>\t\t\t\t<\/div>\n\t\t\t\t<\/div>\n\t\t\t\t<div class=\"elementor-element elementor-element-80d8862 elementor-widget-divider--view-line elementor-widget elementor-widget-divider\" data-id=\"80d8862\" data-element_type=\"widget\" data-widget_type=\"divider.default\">\n\t\t\t\t<div class=\"elementor-widget-container\">\n\t\t\t\t\t\t\t<div class=\"elementor-divider\">\n\t\t\t<span class=\"elementor-divider-separator\">\n\t\t\t\t\t\t<\/span>\n\t\t<\/div>\n\t\t\t\t\t\t<\/div>\n\t\t\t\t<\/div>\n\t\t\t\t<div class=\"elementor-element elementor-element-56fe578 elementor-widget elementor-widget-text-editor\" data-id=\"56fe578\" data-element_type=\"widget\" data-widget_type=\"text-editor.default\">\n\t\t\t\t<div class=\"elementor-widget-container\">\n\t\t\t\t\t\t\t\t\t<p>Die Gesch\u00e4ftsr\u00e4ume der Firma CONG befinden sich in Grandvaux, einem Dorf inmitten von Weinbergen \u00fcber dem Genfer See in der Schweiz, wenige Kilometer von Hugo Pratts letztem Wohnsitz entfernt.<\/p>\n\t\t\t\t\t\t\t\t<\/div>\n\t\t\t\t<\/div>\n\t\t\t\t<div class=\"elementor-element elementor-element-638ceb9 elementor-widget elementor-widget-text-editor\" data-id=\"638ceb9\" data-element_type=\"widget\" data-widget_type=\"text-editor.default\">\n\t\t\t\t<div class=\"elementor-widget-container\">\n\t\t\t\t\t\t\t\t\t<p>Ebenfalls in Grandvaux steht das Denkmal f\u00fcr Corto Maltese, geschaffen von Pratts engem Freund Livio Benedetti: Corto blickt nach vorn, wie er es immer getan hat, sein Caban weht im Wind und sein Blick geht in die Ferne. Er scheint \u00fcber den Gang der Welt zu l\u00e4cheln. Er ist der un\u00fcbertroffene Antiheld des wahren Abenteuers, des Reisens.<\/p>\n\t\t\t\t\t\t\t\t<\/div>\n\t\t\t\t<\/div>\n\t\t\t\t<div class=\"elementor-element elementor-element-192efd7 elementor-widget elementor-widget-text-editor\" data-id=\"192efd7\" data-element_type=\"widget\" data-widget_type=\"text-editor.default\">\n\t\t\t\t<div class=\"elementor-widget-container\">\n\t\t\t\t\t\t\t\t\t<p>CONG SA<br \/>Grand Rue 1<br \/>1091 \u2013 Grandvaux, Schweiz<br \/>info@cong-pratt.com<\/p>\t\t\t\t\t\t\t\t<\/div>\n\t\t\t\t<\/div>\n\t\t\t\t\t<\/div>\n\t\t<\/div>\n\t\t\t\t\t<\/div>\n\t\t<\/section>\n\t\t\t\t<section class=\"elementor-section elementor-top-section elementor-element elementor-element-e75fa1a elementor-section-boxed elementor-section-height-default elementor-section-height-default\" data-id=\"e75fa1a\" data-element_type=\"section\">\n\t\t\t\t\t\t<div class=\"elementor-container elementor-column-gap-default\">\n\t\t\t\t\t<div class=\"elementor-column elementor-col-100 elementor-top-column elementor-element elementor-element-b13e1fa\" data-id=\"b13e1fa\" data-element_type=\"column\">\n\t\t\t<div class=\"elementor-widget-wrap elementor-element-populated\">\n\t\t\t\t\t\t<section class=\"elementor-section elementor-inner-section elementor-element elementor-element-6eeca67 elementor-section-boxed elementor-section-height-default elementor-section-height-default\" data-id=\"6eeca67\" data-element_type=\"section\">\n\t\t\t\t\t\t<div class=\"elementor-container elementor-column-gap-default\">\n\t\t\t\t\t<div class=\"elementor-column elementor-col-50 elementor-inner-column elementor-element elementor-element-a705aef\" data-id=\"a705aef\" data-element_type=\"column\">\n\t\t\t<div class=\"elementor-widget-wrap elementor-element-populated\">\n\t\t\t\t\t\t<div class=\"elementor-element elementor-element-53d8e24 elementor-widget-divider--view-line elementor-widget elementor-widget-divider\" data-id=\"53d8e24\" data-element_type=\"widget\" data-widget_type=\"divider.default\">\n\t\t\t\t<div class=\"elementor-widget-container\">\n\t\t\t\t\t\t\t<div class=\"elementor-divider\">\n\t\t\t<span class=\"elementor-divider-separator\">\n\t\t\t\t\t\t<\/span>\n\t\t<\/div>\n\t\t\t\t\t\t<\/div>\n\t\t\t\t<\/div>\n\t\t\t\t<div class=\"elementor-element elementor-element-7382007 elementor-widget-mobile__width-initial elementor-widget__width-initial elementor-widget elementor-widget-heading\" data-id=\"7382007\" data-element_type=\"widget\" data-widget_type=\"heading.default\">\n\t\t\t\t<div class=\"elementor-widget-container\">\n\t\t\t\t\t<h2 class=\"elementor-heading-title elementor-size-default\">Entriamo in<br>contatto<\/h2>\t\t\t\t<\/div>\n\t\t\t\t<\/div>\n\t\t\t\t\t<\/div>\n\t\t<\/div>\n\t\t\t\t<div class=\"elementor-column elementor-col-50 elementor-inner-column elementor-element elementor-element-6d20c54\" data-id=\"6d20c54\" data-element_type=\"column\">\n\t\t\t<div class=\"elementor-widget-wrap\">\n\t\t\t\t\t\t\t<\/div>\n\t\t<\/div>\n\t\t\t\t\t<\/div>\n\t\t<\/section>\n\t\t\t\t<section class=\"elementor-section elementor-inner-section elementor-element elementor-element-c85bad4 elementor-section-boxed elementor-section-height-default elementor-section-height-default\" data-id=\"c85bad4\" data-element_type=\"section\" data-settings=\"{&quot;background_background&quot;:&quot;classic&quot;}\">\n\t\t\t\t\t\t<div class=\"elementor-container elementor-column-gap-default\">\n\t\t\t\t\t<div class=\"elementor-column elementor-col-100 elementor-inner-column elementor-element elementor-element-46c1e66\" data-id=\"46c1e66\" data-element_type=\"column\">\n\t\t\t<div class=\"elementor-widget-wrap elementor-element-populated\">\n\t\t\t\t\t\t<div class=\"elementor-element elementor-element-87fc580 elementor-widget elementor-widget-shortcode\" data-id=\"87fc580\" data-element_type=\"widget\" data-widget_type=\"shortcode.default\">\n\t\t\t\t<div class=\"elementor-widget-container\">\n\t\t\t\t\t\t\t<div class=\"elementor-shortcode\">\n<div class=\"wpcf7 no-js\" id=\"wpcf7-f3139-o1\" lang=\"it-IT\" dir=\"ltr\" data-wpcf7-id=\"3139\">\n<div class=\"screen-reader-response\"><p role=\"status\" aria-live=\"polite\" aria-atomic=\"true\"><\/p> <ul><\/ul><\/div>\n<form action=\"\/de\/wp-json\/wp\/v2\/pages\/20695#wpcf7-f3139-o1\" method=\"post\" class=\"wpcf7-form init\" aria-label=\"Modulo di contatto\" enctype=\"multipart\/form-data\" novalidate=\"novalidate\" data-status=\"init\">\n<fieldset class=\"hidden-fields-container\"><input type=\"hidden\" name=\"_wpcf7\" value=\"3139\" \/><input type=\"hidden\" name=\"_wpcf7_version\" value=\"6.1.4\" \/><input type=\"hidden\" name=\"_wpcf7_locale\" value=\"it_IT\" \/><input type=\"hidden\" name=\"_wpcf7_unit_tag\" value=\"wpcf7-f3139-o1\" \/><input type=\"hidden\" name=\"_wpcf7_container_post\" value=\"0\" \/><input type=\"hidden\" name=\"_wpcf7_posted_data_hash\" value=\"\" \/>\n<\/fieldset>\n<div class=\"row\">\n\t<div class=\"column\">\n\t\t<p><span class=\"wpcf7-form-control-wrap\" data-name=\"nome\"><input size=\"40\" maxlength=\"400\" class=\"wpcf7-form-control wpcf7-text wpcf7-validates-as-required\" aria-required=\"true\" aria-invalid=\"false\" placeholder=\"NOME\" value=\"\" type=\"text\" name=\"nome\" \/><\/span>\n\t\t<\/p>\n\t<\/div>\n\t<div class=\"column\">\n\t\t<p><span class=\"wpcf7-form-control-wrap\" data-name=\"cognome\"><input size=\"40\" maxlength=\"400\" class=\"wpcf7-form-control wpcf7-text wpcf7-validates-as-required\" aria-required=\"true\" aria-invalid=\"false\" placeholder=\"COGNOME\" value=\"\" type=\"text\" name=\"cognome\" \/><\/span>\n\t\t<\/p>\n\t<\/div>\n<\/div>\n<div class=\"row\">\n\t<div class=\"column\">\n\t\t<p><span class=\"wpcf7-form-control-wrap\" data-name=\"email\"><input size=\"40\" maxlength=\"400\" class=\"wpcf7-form-control wpcf7-email wpcf7-validates-as-required wpcf7-text wpcf7-validates-as-email\" aria-required=\"true\" aria-invalid=\"false\" placeholder=\"EMAIL\" value=\"\" type=\"email\" name=\"email\" \/><\/span>\n\t\t<\/p>\n\t<\/div>\n\t<div class=\"column\">\n\t\t<p><span class=\"wpcf7-form-control-wrap\" data-name=\"oggetto\"><input size=\"40\" maxlength=\"400\" class=\"wpcf7-form-control wpcf7-text\" aria-invalid=\"false\" placeholder=\"OGGETTO\" value=\"\" type=\"text\" name=\"oggetto\" \/><\/span>\n\t\t<\/p>\n\t<\/div>\n<\/div>\n<div class=\"messaggio\">\n\t<p><span class=\"wpcf7-form-control-wrap\" data-name=\"messaggio\"><textarea cols=\"40\" rows=\"10\" maxlength=\"2000\" class=\"wpcf7-form-control wpcf7-textarea wpcf7-validates-as-required\" aria-required=\"true\" aria-invalid=\"false\" placeholder=\"MESSAGGIO\" name=\"messaggio\"><\/textarea><\/span>\n\t<\/p>\n<\/div>\n<div class=\"row\">\n\t<div class=\"column\">\n\t\t<p><span class=\"wpcf7-form-control-wrap\" data-name=\"allegato\"><input size=\"40\" class=\"wpcf7-form-control wpcf7-file\" accept=\"audio\/*,video\/*,image\/*\" aria-invalid=\"false\" type=\"file\" name=\"allegato\" \/><\/span>\n\t\t<\/p>\n\t\t<p><span class=\"wpcf7-form-control-wrap\" data-name=\"accettazione\"><span class=\"wpcf7-form-control wpcf7-acceptance\"><span class=\"wpcf7-list-item\"><input type=\"checkbox\" name=\"accettazione\" value=\"1\" aria-invalid=\"false\" \/><\/span><\/span><\/span> Acconsento al <a href=\"\/\/cong-pratt.com\/note-legali\">trattamento<\/a> dei miei dati personali.\n\t\t<\/p>\n\t<\/div>\n\t<div class=\"column\">\n\t\t<p><span class=\"wpcf7-form-control-wrap\" data-name=\"hcap-cf7\">\t\t<input\n\t\t\t\ttype=\"hidden\"\n\t\t\t\tclass=\"hcaptcha-widget-id\"\n\t\t\t\tname=\"hcaptcha-widget-id\"\n\t\t\t\tvalue=\"eyJzb3VyY2UiOlsiY29udGFjdC1mb3JtLTdcL3dwLWNvbnRhY3QtZm9ybS03LnBocCJdLCJmb3JtX2lkIjozMTM5fQ==-72603f68ff00f27106a07360fc1e3104\">\n\t\t\t\t<span id=\"hcap_cf7-69f9ebb9dfcb17.74984515\" class=\"wpcf7-form-control h-captcha \"\n\t\t\tdata-sitekey=\"e0a87526-ad2c-467e-9e52-408653ead40c\"\n\t\t\tdata-theme=\"light\"\n\t\t\tdata-size=\"normal\"\n\t\t\tdata-auto=\"false\"\n\t\t\tdata-ajax=\"false\"\n\t\t\tdata-force=\"false\">\n\t\t<\/span>\n\t\t<input type=\"hidden\" id=\"_wpnonce\" name=\"_wpnonce\" value=\"f198cc639e\" \/><input type=\"hidden\" name=\"_wp_http_referer\" value=\"\/de\/wp-json\/wp\/v2\/pages\/20695\" \/><\/span><input class=\"wpcf7-form-control wpcf7-submit has-spinner\" type=\"submit\" value=\"INVIA\" \/>\n\t\t<\/p>\n\t<\/div>\n<\/div><div class=\"wpcf7-response-output\" aria-hidden=\"true\"><\/div>\n<\/form>\n<\/div>\n<\/div>\n\t\t\t\t\t\t<\/div>\n\t\t\t\t<\/div>\n\t\t\t\t\t<\/div>\n\t\t<\/div>\n\t\t\t\t\t<\/div>\n\t\t<\/section>\n\t\t\t\t\t<\/div>\n\t\t<\/div>\n\t\t\t\t\t<\/div>\n\t\t<\/section>\n\t\t\t\t<section class=\"elementor-section elementor-top-section elementor-element elementor-element-f0feffb elementor-section-full_width elementor-section-height-default elementor-section-height-default\" data-id=\"f0feffb\" data-element_type=\"section\">\n\t\t\t\t\t\t<div class=\"elementor-container elementor-column-gap-no\">\n\t\t\t\t\t<div class=\"elementor-column elementor-col-100 elementor-top-column elementor-element elementor-element-57ee8ef\" data-id=\"57ee8ef\" data-element_type=\"column\">\n\t\t\t<div class=\"elementor-widget-wrap elementor-element-populated\">\n\t\t\t\t\t\t<div class=\"elementor-element elementor-element-cb20d6d elementor-widget elementor-widget-image\" data-id=\"cb20d6d\" data-element_type=\"widget\" data-widget_type=\"image.default\">\n\t\t\t\t<div class=\"elementor-widget-container\">\n\t\t\t\t\t\t\t\t\t\t\t\t\t\t\t<img decoding=\"async\" width=\"2161\" height=\"722\" src=\"https:\/\/www.cong-pratt.com\/wp-content\/uploads\/2021\/07\/mappa_contatti.jpg\" class=\"attachment-full size-full wp-image-3121\" alt=\"\" srcset=\"https:\/\/www.cong-pratt.com\/wp-content\/uploads\/2021\/07\/mappa_contatti.jpg 2161w, https:\/\/www.cong-pratt.com\/wp-content\/uploads\/2021\/07\/mappa_contatti-300x100.jpg 300w, https:\/\/www.cong-pratt.com\/wp-content\/uploads\/2021\/07\/mappa_contatti-1024x342.jpg 1024w, https:\/\/www.cong-pratt.com\/wp-content\/uploads\/2021\/07\/mappa_contatti-768x257.jpg 768w, https:\/\/www.cong-pratt.com\/wp-content\/uploads\/2021\/07\/mappa_contatti-1536x513.jpg 1536w, https:\/\/www.cong-pratt.com\/wp-content\/uploads\/2021\/07\/mappa_contatti-2048x684.jpg 2048w\" sizes=\"(max-width: 2161px) 100vw, 2161px\" \/>\t\t\t\t\t\t\t\t\t\t\t\t\t\t\t<\/div>\n\t\t\t\t<\/div>\n\t\t\t\t\t<\/div>\n\t\t<\/div>\n\t\t\t\t\t<\/div>\n\t\t<\/section>\n\t\t\t\t<\/div>\n\t\t","protected":false},"excerpt":{"rendered":"<p>Unsere Buros Die Gesch\u00e4ftsr\u00e4ume der Firma CONG befinden sich in Grandvaux, einem Dorf inmitten von Weinbergen \u00fcber dem Genfer See in der Schweiz, wenige Kilometer von Hugo Pratts letztem Wohnsitz entfernt. Ebenfalls in Grandvaux steht das Denkmal f\u00fcr Corto Maltese, geschaffen von Pratts engem Freund Livio Benedetti: Corto blickt nach vorn, wie er es immer [&hellip;]<\/p>\n","protected":false},"author":1,"featured_media":0,"parent":0,"menu_order":0,"comment_status":"closed","ping_status":"closed","template":"elementor_header_footer","meta":{"footnotes":""},"class_list":["post-20695","page","type-page","status-publish","hentry"],"_links":{"self":[{"href":"https:\/\/www.cong-pratt.com\/de\/wp-json\/wp\/v2\/pages\/20695","targetHints":{"allow":["GET"]}}],"collection":[{"href":"https:\/\/www.cong-pratt.com\/de\/wp-json\/wp\/v2\/pages"}],"about":[{"href":"https:\/\/www.cong-pratt.com\/de\/wp-json\/wp\/v2\/types\/page"}],"author":[{"embeddable":true,"href":"https:\/\/www.cong-pratt.com\/de\/wp-json\/wp\/v2\/users\/1"}],"replies":[{"embeddable":true,"href":"https:\/\/www.cong-pratt.com\/de\/wp-json\/wp\/v2\/comments?post=20695"}],"version-history":[{"count":5,"href":"https:\/\/www.cong-pratt.com\/de\/wp-json\/wp\/v2\/pages\/20695\/revisions"}],"predecessor-version":[{"id":26083,"href":"https:\/\/www.cong-pratt.com\/de\/wp-json\/wp\/v2\/pages\/20695\/revisions\/26083"}],"wp:attachment":[{"href":"https:\/\/www.cong-pratt.com\/de\/wp-json\/wp\/v2\/media?parent=20695"}],"curies":[{"name":"wp","href":"https:\/\/api.w.org\/{rel}","templated":true}]}}