{"id":16255,"date":"2021-07-30T11:25:43","date_gmt":"2021-07-30T09:25:43","guid":{"rendered":"https:\/\/www.cong-pratt.com\/cm-albi-e-storie\/"},"modified":"2022-01-13T09:48:16","modified_gmt":"2022-01-13T08:48:16","slug":"cm-albums-et-histories","status":"publish","type":"page","link":"https:\/\/www.cong-pratt.com\/fr\/cm-albums-et-histories\/","title":{"rendered":"ALBUMS ET HISTOIRES"},"content":{"rendered":"\t\t<div data-elementor-type=\"wp-page\" data-elementor-id=\"16255\" class=\"elementor elementor-16255 elementor-3370\" data-elementor-post-type=\"page\">\n\t\t\t\t\t\t<section class=\"elementor-section elementor-top-section elementor-element elementor-element-f5cb924 elementor-section-full_width elementor-section-height-min-height elementor-section-height-default elementor-section-items-middle\" data-id=\"f5cb924\" data-element_type=\"section\" data-settings=\"{&quot;background_background&quot;:&quot;classic&quot;}\">\n\t\t\t\t\t\t<div class=\"elementor-container elementor-column-gap-no\">\n\t\t\t\t\t<div class=\"elementor-column elementor-col-100 elementor-top-column elementor-element elementor-element-9294392\" data-id=\"9294392\" data-element_type=\"column\">\n\t\t\t<div class=\"elementor-widget-wrap\">\n\t\t\t\t\t\t\t<\/div>\n\t\t<\/div>\n\t\t\t\t\t<\/div>\n\t\t<\/section>\n\t\t\t\t<section class=\"elementor-section elementor-top-section elementor-element elementor-element-0b3a52d elementor-section-boxed elementor-section-height-default elementor-section-height-default\" data-id=\"0b3a52d\" data-element_type=\"section\">\n\t\t\t\t\t\t<div class=\"elementor-container elementor-column-gap-default\">\n\t\t\t\t\t<div class=\"elementor-column elementor-col-50 elementor-top-column elementor-element elementor-element-a56c077\" data-id=\"a56c077\" data-element_type=\"column\">\n\t\t\t<div class=\"elementor-widget-wrap elementor-element-populated\">\n\t\t\t\t\t\t<div class=\"elementor-element elementor-element-307fb53 elementor-widget-divider--view-line elementor-widget elementor-widget-divider\" data-id=\"307fb53\" data-element_type=\"widget\" data-widget_type=\"divider.default\">\n\t\t\t\t<div class=\"elementor-widget-container\">\n\t\t\t\t\t\t\t<div class=\"elementor-divider\">\n\t\t\t<span class=\"elementor-divider-separator\">\n\t\t\t\t\t\t<\/span>\n\t\t<\/div>\n\t\t\t\t\t\t<\/div>\n\t\t\t\t<\/div>\n\t\t\t\t<div class=\"elementor-element elementor-element-1de29b1 elementor-widget-mobile__width-initial elementor-widget elementor-widget-heading\" data-id=\"1de29b1\" data-element_type=\"widget\" data-widget_type=\"heading.default\">\n\t\t\t\t<div class=\"elementor-widget-container\">\n\t\t\t\t\t<h2 class=\"elementor-heading-title elementor-size-default\">Gentilhomme de <br> fortune<\/h2>\t\t\t\t<\/div>\n\t\t\t\t<\/div>\n\t\t\t\t\t<\/div>\n\t\t<\/div>\n\t\t\t\t<div class=\"elementor-column elementor-col-50 elementor-top-column elementor-element elementor-element-408806d\" data-id=\"408806d\" data-element_type=\"column\">\n\t\t\t<div class=\"elementor-widget-wrap elementor-element-populated\">\n\t\t\t\t\t\t<div class=\"elementor-element elementor-element-a0c6f5f elementor-widget elementor-widget-text-editor\" data-id=\"a0c6f5f\" data-element_type=\"widget\" data-widget_type=\"text-editor.default\">\n\t\t\t\t<div class=\"elementor-widget-container\">\n\t\t\t\t\t\t\t\t\t<p>Corto, comme un Ulysse moderne, rejoint la constellation des grands voyageurs, des visionnaires qui r\u00eavent de la magie de l&rsquo;Orient.<\/p>\n\t\t\t\t\t\t\t\t<\/div>\n\t\t\t\t<\/div>\n\t\t\t\t<section class=\"elementor-section elementor-inner-section elementor-element elementor-element-bd6b6eb elementor-section-full_width elementor-section-height-default elementor-section-height-default\" data-id=\"bd6b6eb\" data-element_type=\"section\">\n\t\t\t\t\t\t<div class=\"elementor-container elementor-column-gap-no\">\n\t\t\t\t\t<div class=\"elementor-column elementor-col-50 elementor-inner-column elementor-element elementor-element-baf3fd4\" data-id=\"baf3fd4\" data-element_type=\"column\">\n\t\t\t<div class=\"elementor-widget-wrap elementor-element-populated\">\n\t\t\t\t\t\t<div class=\"elementor-element elementor-element-a9362f5 elementor-widget elementor-widget-heading\" data-id=\"a9362f5\" data-element_type=\"widget\" data-widget_type=\"heading.default\">\n\t\t\t\t<div class=\"elementor-widget-container\">\n\t\t\t\t\t<h5 class=\"elementor-heading-title elementor-size-default\">L'ANTI-H\u00c9ROS EMBL\u00c9MATIQUE<\/h5>\t\t\t\t<\/div>\n\t\t\t\t<\/div>\n\t\t\t\t<div class=\"elementor-element elementor-element-bd397f5 elementor-widget elementor-widget-text-editor\" data-id=\"bd397f5\" data-element_type=\"widget\" data-widget_type=\"text-editor.default\">\n\t\t\t\t<div class=\"elementor-widget-container\">\n\t\t\t\t\t\t\t\t\t<p>Corto est suffisamment sceptique et d\u00e9senchant\u00e9 pour ne pas se faire d&rsquo;illusions sur la nature humaine, mais il est toujours pr\u00eat \u00e0 croire ou \u00e0 se battre au nom de l&rsquo;affirmation de l&rsquo;ind\u00e9pendance et de la libert\u00e9.<\/p>\n\t\t\t\t\t\t\t\t<\/div>\n\t\t\t\t<\/div>\n\t\t\t\t<div class=\"elementor-element elementor-element-1befe41 elementor-widget elementor-widget-button\" data-id=\"1befe41\" data-element_type=\"widget\" data-settings=\"{&quot;motion_fx_motion_fx_mouse&quot;:&quot;yes&quot;,&quot;motion_fx_mouseTrack_effect&quot;:&quot;yes&quot;,&quot;motion_fx_mouseTrack_speed&quot;:{&quot;unit&quot;:&quot;px&quot;,&quot;size&quot;:0.5,&quot;sizes&quot;:[]}}\" data-widget_type=\"button.default\">\n\t\t\t\t<div class=\"elementor-widget-container\">\n\t\t\t\t\t\t\t\t\t<div class=\"elementor-button-wrapper\">\n\t\t\t\t\t<a class=\"elementor-button elementor-button-link elementor-size-xl\" href=\"https:\/\/www.cong-pratt.com\/fr\/albums-et-histories\/\">\n\t\t\t\t\t\t<span class=\"elementor-button-content-wrapper\">\n\t\t\t\t\t\t\t\t\t<span class=\"elementor-button-text\">Mondo Pratt<\/span>\n\t\t\t\t\t<\/span>\n\t\t\t\t\t<\/a>\n\t\t\t\t<\/div>\n\t\t\t\t\t\t\t\t<\/div>\n\t\t\t\t<\/div>\n\t\t\t\t\t<\/div>\n\t\t<\/div>\n\t\t\t\t<div class=\"elementor-column elementor-col-50 elementor-inner-column elementor-element elementor-element-5c9d25f\" data-id=\"5c9d25f\" data-element_type=\"column\">\n\t\t\t<div class=\"elementor-widget-wrap elementor-element-populated\">\n\t\t\t\t\t\t<div class=\"elementor-element elementor-element-6cf9445 elementor-widget elementor-widget-heading\" data-id=\"6cf9445\" data-element_type=\"widget\" data-widget_type=\"heading.default\">\n\t\t\t\t<div class=\"elementor-widget-container\">\n\t\t\t\t\t<h5 class=\"elementor-heading-title elementor-size-default\">LIRE CORTO POUR <br> D\u00c9COUVRIR LE MONDE<\/h5>\t\t\t\t<\/div>\n\t\t\t\t<\/div>\n\t\t\t\t<div class=\"elementor-element elementor-element-0487b86 elementor-widget elementor-widget-text-editor\" data-id=\"0487b86\" data-element_type=\"widget\" data-widget_type=\"text-editor.default\">\n\t\t\t\t<div class=\"elementor-widget-container\">\n\t\t\t\t\t\t\t\t\t<p>L&rsquo;attitude de Corto Maltese est toujours transversale, ni id\u00e9aliste ni politique ; ses histoires se d\u00e9roulent dans les trente premi\u00e8res ann\u00e9es du XXe si\u00e8cle, en Mandchourie, dans les Cara\u00efbes, en \u00c9thiopie, en Irlande, en Patagonie, en Guin\u00e9e et en Polyn\u00e9sie, mais son esprit et son langage sont extr\u00eamement modernes et actuels, apr\u00e8s tout, Corto Maltese est un kal\u00e9idoscope de facettes des diff\u00e9rentes potentialit\u00e9s de la nature humaine lorsqu&rsquo;elle est confront\u00e9e \u00e0 des environnements, des personnages ou des situations si particuliers qu&rsquo;ils oscillent entre r\u00e9alit\u00e9 et imagination.<\/p>\n\t\t\t\t\t\t\t\t<\/div>\n\t\t\t\t<\/div>\n\t\t\t\t\t<\/div>\n\t\t<\/div>\n\t\t\t\t\t<\/div>\n\t\t<\/section>\n\t\t\t\t\t<\/div>\n\t\t<\/div>\n\t\t\t\t\t<\/div>\n\t\t<\/section>\n\t\t\t\t<section class=\"elementor-section elementor-top-section elementor-element elementor-element-e574928 elementor-section-boxed elementor-section-height-default elementor-section-height-default\" data-id=\"e574928\" data-element_type=\"section\">\n\t\t\t\t\t\t<div class=\"elementor-container elementor-column-gap-default\">\n\t\t\t\t\t<div class=\"elementor-column elementor-col-25 elementor-top-column elementor-element elementor-element-f563cf9\" data-id=\"f563cf9\" data-element_type=\"column\">\n\t\t\t<div class=\"elementor-widget-wrap elementor-element-populated\">\n\t\t\t\t\t\t<div class=\"elementor-element elementor-element-5432908 jet-smart-filter-content-position-column jet-smart-filter-group-position-column elementor-widget elementor-widget-jet-smart-filters-select\" data-id=\"5432908\" data-element_type=\"widget\" data-widget_type=\"jet-smart-filters-select.default\">\n\t\t\t\t<div class=\"elementor-widget-container\">\n\t\t\t\t\t<div class=\"jet-smart-filters-select jet-filter \" data-indexer-rule=\"show\" data-show-counter=\"\" data-change-counter=\"always\"><div class=\"jet-select\" data-query-type=\"tax_query\" data-query-var=\"ambientazioni\" data-smart-filter=\"select\" data-filter-id=\"17518\" data-apply-type=\"ajax\" data-content-provider=\"epro-posts\" data-additional-providers=\"\" data-query-id=\"default\" data-active-label=\"Cadre\" data-layout-options=\"{&quot;show_label&quot;:&quot;&quot;,&quot;display_options&quot;:{&quot;show_items_label&quot;:false,&quot;show_decorator&quot;:false,&quot;filter_image_size&quot;:&quot;full&quot;,&quot;show_counter&quot;:false}}\" data-query-var-suffix=\"\" data-apply-on=\"value\">\n\t\t\t\t<select\n\t\t\tclass=\"jet-select__control\"\n\t\t\tname=\"ambientazioni\"\n\t\t\t\t\t\taria-label=\"Cadre\"\n\t\t>\n\t\t\n\t\t\t\t\t<option\n\t\t\t\tvalue=\"\"\n\t\t\t\tdata-label=\"Cadre\"\n\t\t\t\tdata-counter-prefix=\"\"\n\t\t\t\tdata-counter-suffix=\"\"\n\t\t\t\t\t\t\t\t\t\t\t>Cadre<\/option>\n\t\t\t\t\t\t<option\n\t\t\t\tvalue=\"444\"\n\t\t\t\tdata-label=\"Afrique\"\n\t\t\t\tdata-counter-prefix=\"\"\n\t\t\t\tdata-counter-suffix=\"\"\n\t\t\t\t\t\t\t\t\t\t\t>Afrique<\/option>\n\t\t\t\t\t\t<option\n\t\t\t\tvalue=\"447\"\n\t\t\t\tdata-label=\"Am\u00e9rique du Nord\"\n\t\t\t\tdata-counter-prefix=\"\"\n\t\t\t\tdata-counter-suffix=\"\"\n\t\t\t\t\t\t\t\t\t\t\t>Am\u00e9rique du Nord<\/option>\n\t\t\t\t\t\t<option\n\t\t\t\tvalue=\"524\"\n\t\t\t\tdata-label=\"Am\u00e9rique du Sud\"\n\t\t\t\tdata-counter-prefix=\"\"\n\t\t\t\tdata-counter-suffix=\"\"\n\t\t\t\t\t\t\t\t\t\t\t>Am\u00e9rique du Sud<\/option>\n\t\t\t\t\t\t<option\n\t\t\t\tvalue=\"457\"\n\t\t\t\tdata-label=\"Asie\"\n\t\t\t\tdata-counter-prefix=\"\"\n\t\t\t\tdata-counter-suffix=\"\"\n\t\t\t\t\t\t\t\t\t\t\t>Asie<\/option>\n\t\t\t\t\t\t<option\n\t\t\t\tvalue=\"450\"\n\t\t\t\tdata-label=\"Cara\u00efbes\"\n\t\t\t\tdata-counter-prefix=\"\"\n\t\t\t\tdata-counter-suffix=\"\"\n\t\t\t\t\t\t\t\t\t\t\t>Cara\u00efbes<\/option>\n\t\t\t\t\t\t<option\n\t\t\t\tvalue=\"449\"\n\t\t\t\tdata-label=\"colonies\"\n\t\t\t\tdata-counter-prefix=\"\"\n\t\t\t\tdata-counter-suffix=\"\"\n\t\t\t\t\t\t\t\t\t\t\t>colonies<\/option>\n\t\t\t\t\t\t<option\n\t\t\t\tvalue=\"456\"\n\t\t\t\tdata-label=\"Europe\"\n\t\t\t\tdata-counter-prefix=\"\"\n\t\t\t\tdata-counter-suffix=\"\"\n\t\t\t\t\t\t\t\t\t\t\t>Europe<\/option>\n\t\t\t\t\t\t<option\n\t\t\t\tvalue=\"446\"\n\t\t\t\tdata-label=\"fronti\u00e8re\"\n\t\t\t\tdata-counter-prefix=\"\"\n\t\t\t\tdata-counter-suffix=\"\"\n\t\t\t\t\t\t\t\t\t\t\t>fronti\u00e8re<\/option>\n\t\t\t\t\t\t<option\n\t\t\t\tvalue=\"445\"\n\t\t\t\tdata-label=\"\u00eeles\"\n\t\t\t\tdata-counter-prefix=\"\"\n\t\t\t\tdata-counter-suffix=\"\"\n\t\t\t\t\t\t\t\t\t\t\t>\u00eeles<\/option>\n\t\t\t\t\t\t<option\n\t\t\t\tvalue=\"448\"\n\t\t\t\tdata-label=\"jungle\"\n\t\t\t\tdata-counter-prefix=\"\"\n\t\t\t\tdata-counter-suffix=\"\"\n\t\t\t\t\t\t\t\t\t\t\t>jungle<\/option>\n\t\t\t\t\t\t<option\n\t\t\t\tvalue=\"454\"\n\t\t\t\tdata-label=\"Pacifique\"\n\t\t\t\tdata-counter-prefix=\"\"\n\t\t\t\tdata-counter-suffix=\"\"\n\t\t\t\t\t\t\t\t\t\t\t>Pacifique<\/option>\n\t\t\t\t\t\t<option\n\t\t\t\tvalue=\"525\"\n\t\t\t\tdata-label=\"Venise\"\n\t\t\t\tdata-counter-prefix=\"\"\n\t\t\t\tdata-counter-suffix=\"\"\n\t\t\t\t\t\t\t\t\t\t\t>Venise<\/option>\n\t\t\t<\/select>\n\t<\/div>\n<\/div>\t\t\t\t<\/div>\n\t\t\t\t<\/div>\n\t\t\t\t\t<\/div>\n\t\t<\/div>\n\t\t\t\t<div class=\"elementor-column elementor-col-25 elementor-top-column elementor-element elementor-element-3a8e373\" data-id=\"3a8e373\" data-element_type=\"column\">\n\t\t\t<div class=\"elementor-widget-wrap elementor-element-populated\">\n\t\t\t\t\t\t<div class=\"elementor-element elementor-element-139710f jet-smart-filter-content-position-column jet-smart-filter-group-position-column elementor-widget elementor-widget-jet-smart-filters-select\" data-id=\"139710f\" data-element_type=\"widget\" data-widget_type=\"jet-smart-filters-select.default\">\n\t\t\t\t<div class=\"elementor-widget-container\">\n\t\t\t\t\t<div class=\"jet-smart-filters-select jet-filter \" data-indexer-rule=\"show\" data-show-counter=\"\" data-change-counter=\"always\"><div class=\"jet-select\" data-query-type=\"tax_query\" data-query-var=\"tematiche\" data-smart-filter=\"select\" data-filter-id=\"17521\" data-apply-type=\"ajax\" data-content-provider=\"epro-posts\" data-additional-providers=\"\" data-query-id=\"default\" data-active-label=\"Sujets\" data-layout-options=\"{&quot;show_label&quot;:&quot;&quot;,&quot;display_options&quot;:{&quot;show_items_label&quot;:false,&quot;show_decorator&quot;:false,&quot;filter_image_size&quot;:&quot;full&quot;,&quot;show_counter&quot;:false}}\" data-query-var-suffix=\"\" data-apply-on=\"value\">\n\t\t\t\t<select\n\t\t\tclass=\"jet-select__control\"\n\t\t\tname=\"tematiche\"\n\t\t\t\t\t\taria-label=\"Sujets\"\n\t\t>\n\t\t\n\t\t\t\t\t<option\n\t\t\t\tvalue=\"\"\n\t\t\t\tdata-label=\"Sujets\"\n\t\t\t\tdata-counter-prefix=\"\"\n\t\t\t\tdata-counter-suffix=\"\"\n\t\t\t\t\t\t\t\t\t\t\t>Sujets<\/option>\n\t\t\t\t\t\t<option\n\t\t\t\tvalue=\"664\"\n\t\t\t\tdata-label=\"am\u00e9rindiens\"\n\t\t\t\tdata-counter-prefix=\"\"\n\t\t\t\tdata-counter-suffix=\"\"\n\t\t\t\t\t\t\t\t\t\t\t>am\u00e9rindiens<\/option>\n\t\t\t\t\t\t<option\n\t\t\t\tvalue=\"619\"\n\t\t\t\tdata-label=\"amiti\u00e9\"\n\t\t\t\tdata-counter-prefix=\"\"\n\t\t\t\tdata-counter-suffix=\"\"\n\t\t\t\t\t\t\t\t\t\t\t>amiti\u00e9<\/option>\n\t\t\t\t\t\t<option\n\t\t\t\tvalue=\"654\"\n\t\t\t\tdata-label=\"aventure\"\n\t\t\t\tdata-counter-prefix=\"\"\n\t\t\t\tdata-counter-suffix=\"\"\n\t\t\t\t\t\t\t\t\t\t\t>aventure<\/option>\n\t\t\t\t\t\t<option\n\t\t\t\tvalue=\"644\"\n\t\t\t\tdata-label=\"colonialisme\"\n\t\t\t\tdata-counter-prefix=\"\"\n\t\t\t\tdata-counter-suffix=\"\"\n\t\t\t\t\t\t\t\t\t\t\t>colonialisme<\/option>\n\t\t\t\t\t\t<option\n\t\t\t\tvalue=\"630\"\n\t\t\t\tdata-label=\"espions\"\n\t\t\t\tdata-counter-prefix=\"\"\n\t\t\t\tdata-counter-suffix=\"\"\n\t\t\t\t\t\t\t\t\t\t\t>espions<\/option>\n\t\t\t\t\t\t<option\n\t\t\t\tvalue=\"634\"\n\t\t\t\tdata-label=\"guerre\"\n\t\t\t\tdata-counter-prefix=\"\"\n\t\t\t\tdata-counter-suffix=\"\"\n\t\t\t\t\t\t\t\t\t\t\t>guerre<\/option>\n\t\t\t\t\t\t<option\n\t\t\t\tvalue=\"640\"\n\t\t\t\tdata-label=\"indiens\"\n\t\t\t\tdata-counter-prefix=\"\"\n\t\t\t\tdata-counter-suffix=\"\"\n\t\t\t\t\t\t\t\t\t\t\t>indiens<\/option>\n\t\t\t\t\t\t<option\n\t\t\t\tvalue=\"660\"\n\t\t\t\tdata-label=\"l\u00e9gendes\"\n\t\t\t\tdata-counter-prefix=\"\"\n\t\t\t\tdata-counter-suffix=\"\"\n\t\t\t\t\t\t\t\t\t\t\t>l\u00e9gendes<\/option>\n\t\t\t\t\t\t<option\n\t\t\t\tvalue=\"650\"\n\t\t\t\tdata-label=\"magie\"\n\t\t\t\tdata-counter-prefix=\"\"\n\t\t\t\tdata-counter-suffix=\"\"\n\t\t\t\t\t\t\t\t\t\t\t>magie<\/option>\n\t\t\t\t\t\t<option\n\t\t\t\tvalue=\"670\"\n\t\t\t\tdata-label=\"mercenaires\"\n\t\t\t\tdata-counter-prefix=\"\"\n\t\t\t\tdata-counter-suffix=\"\"\n\t\t\t\t\t\t\t\t\t\t\t>mercenaires<\/option>\n\t\t\t\t\t\t<option\n\t\t\t\tvalue=\"613\"\n\t\t\t\tdata-label=\"pirates\"\n\t\t\t\tdata-counter-prefix=\"\"\n\t\t\t\tdata-counter-suffix=\"\"\n\t\t\t\t\t\t\t\t\t\t\t>pirates<\/option>\n\t\t\t\t\t\t<option\n\t\t\t\tvalue=\"697\"\n\t\t\t\tdata-label=\"rebelles\"\n\t\t\t\tdata-counter-prefix=\"\"\n\t\t\t\tdata-counter-suffix=\"\"\n\t\t\t\t\t\t\t\t\t\t\t>rebelles<\/option>\n\t\t\t\t\t\t<option\n\t\t\t\tvalue=\"691\"\n\t\t\t\tdata-label=\"religions\"\n\t\t\t\tdata-counter-prefix=\"\"\n\t\t\t\tdata-counter-suffix=\"\"\n\t\t\t\t\t\t\t\t\t\t\t>religions<\/option>\n\t\t\t\t\t\t<option\n\t\t\t\tvalue=\"726\"\n\t\t\t\tdata-label=\"r\u00eaver\"\n\t\t\t\tdata-counter-prefix=\"\"\n\t\t\t\tdata-counter-suffix=\"\"\n\t\t\t\t\t\t\t\t\t\t\t>r\u00eaver<\/option>\n\t\t\t\t\t\t<option\n\t\t\t\tvalue=\"675\"\n\t\t\t\tdata-label=\"s\u00e9duction\"\n\t\t\t\tdata-counter-prefix=\"\"\n\t\t\t\tdata-counter-suffix=\"\"\n\t\t\t\t\t\t\t\t\t\t\t>s\u00e9duction<\/option>\n\t\t\t\t\t\t<option\n\t\t\t\tvalue=\"624\"\n\t\t\t\tdata-label=\"voyage\"\n\t\t\t\tdata-counter-prefix=\"\"\n\t\t\t\tdata-counter-suffix=\"\"\n\t\t\t\t\t\t\t\t\t\t\t>voyage<\/option>\n\t\t\t<\/select>\n\t<\/div>\n<\/div>\t\t\t\t<\/div>\n\t\t\t\t<\/div>\n\t\t\t\t\t<\/div>\n\t\t<\/div>\n\t\t\t\t<div class=\"elementor-column elementor-col-25 elementor-top-column elementor-element elementor-element-774a38b\" data-id=\"774a38b\" data-element_type=\"column\">\n\t\t\t<div class=\"elementor-widget-wrap elementor-element-populated\">\n\t\t\t\t\t\t<div class=\"elementor-element elementor-element-b62d5ba elementor-widget elementor-widget-jet-smart-filters-search\" data-id=\"b62d5ba\" data-element_type=\"widget\" data-widget_type=\"jet-smart-filters-search.default\">\n\t\t\t\t<div class=\"elementor-widget-container\">\n\t\t\t\t\t<div class=\"jet-smart-filters-search jet-filter\"><div class=\"jet-search-filter button-icon-position-left\" data-query-type=\"_s\" data-query-var=\"query\" data-smart-filter=\"search\" data-filter-id=\"17522\" data-apply-type=\"ajax-ontyping\" data-content-provider=\"epro-posts\" data-additional-providers=\"\" data-query-id=\"default\" data-active-label=\"Inserisci titolo\" data-layout-options=\"{&quot;show_label&quot;:&quot;&quot;,&quot;display_options&quot;:[]}\" data-query-var-suffix=\"search\" data-min-letters-count=\"3\">\n\t<div class=\"jet-search-filter__input-wrapper\">\n\t\t<input\n\t\t\tclass=\"jet-search-filter__input\"\n\t\t\ttype=\"search\"\n\t\t\tautocomplete=\"off\"\n\t\t\tname=\"query\"\n\t\t\tvalue=\"\"\n\t\t\tplaceholder=\"Inserisci titolo...\"\n\t\t\taria-label=\"Inserisci titolo\"\n\t\t\t\t\t>\n\t\t\t\t\t<div class=\"jet-search-filter__input-clear\">\n\t\t\t\t<svg width=\"22\" height=\"28\" viewBox=\"0 0 22 28\" xmlns=\"http:\/\/www.w3.org\/2000\/svg\">\n\t<path d=\"M20.281 20.656c0 0.391-0.156 0.781-0.438 1.062l-2.125 2.125c-0.281 0.281-0.672 0.438-1.062 0.438s-0.781-0.156-1.062-0.438l-4.594-4.594-4.594 4.594c-0.281 0.281-0.672 0.438-1.062 0.438s-0.781-0.156-1.062-0.438l-2.125-2.125c-0.281-0.281-0.438-0.672-0.438-1.062s0.156-0.781 0.438-1.062l4.594-4.594-4.594-4.594c-0.281-0.281-0.438-0.672-0.438-1.062s0.156-0.781 0.438-1.062l2.125-2.125c0.281-0.281 0.672-0.438 1.062-0.438s0.781 0.156 1.062 0.438l4.594 4.594 4.594-4.594c0.281-0.281 0.672-0.438 1.062-0.438s0.781 0.156 1.062 0.438l2.125 2.125c0.281 0.281 0.438 0.672 0.438 1.062s-0.156 0.781-0.438 1.062l-4.594 4.594 4.594 4.594c0.281 0.281 0.438 0.672 0.438 1.062z\"><\/path>\n<\/svg>\n\t\t\t<\/div>\n\t\t\t<div class=\"jet-search-filter__input-loading\"><\/div>\n\t\t\t<\/div>\n\t<\/div>\n<\/div>\t\t\t\t<\/div>\n\t\t\t\t<\/div>\n\t\t\t\t\t<\/div>\n\t\t<\/div>\n\t\t\t\t<div class=\"elementor-column elementor-col-25 elementor-top-column elementor-element elementor-element-65a1834\" data-id=\"65a1834\" data-element_type=\"column\">\n\t\t\t<div class=\"elementor-widget-wrap elementor-element-populated\">\n\t\t\t\t\t\t<div class=\"elementor-element elementor-element-ba520cd elementor-widget elementor-widget-jet-smart-filters-range\" data-id=\"ba520cd\" data-element_type=\"widget\" data-widget_type=\"jet-smart-filters-range.default\">\n\t\t\t\t<div class=\"elementor-widget-container\">\n\t\t\t\t\t<div class=\"jet-smart-filters-range jet-filter \" data-indexer-rule=\"show\" data-show-counter=\"\" data-change-counter=\"always\">\n<div class=\"jet-range\" data-query-type=\"meta_query\" data-query-var=\"anno_libro\" data-smart-filter=\"range\" data-filter-id=\"17526\" data-apply-type=\"ajax\" data-content-provider=\"epro-posts\" data-additional-providers=\"\" data-query-id=\"default\" data-active-label=\"Ann\u00e9e:\" data-layout-options=\"{&quot;show_label&quot;:&quot;&quot;,&quot;display_options&quot;:{&quot;show_items_label&quot;:false,&quot;show_decorator&quot;:false,&quot;filter_image_size&quot;:&quot;full&quot;,&quot;show_counter&quot;:false}}\" data-query-var-suffix=\"range\" data-apply-on=\"value\" data-format=\"{&quot;decimal_num&quot;:0,&quot;decimal_sep&quot;:&quot;.&quot;,&quot;thousands_sep&quot;:&quot;&quot;}\">\n\t<fieldset class=\"jet-range__slider\">\n\t\t<legend style=\"display:none;\">Ann\u00e9e: - slider<\/legend>\n\t\t<div class=\"jet-range__slider__track\">\n\t\t\t<div class=\"jet-range__slider__track__range\"><\/div>\n\t\t<\/div>\n\t\t<input type=\"range\" class=\"jet-range__slider__input jet-range__slider__input--min\" step=\"1\" min=\"1992\" max=\"2026\" value=\"1992\" aria-label=\"Minimal value\" >\n\t\t<input type=\"range\" class=\"jet-range__slider__input jet-range__slider__input--max\" step=\"1\" min=\"1992\" max=\"2026\" value=\"2026\" aria-label=\"Maximum value\" >\n\t<\/fieldset>\n\t\t<div class=\"jet-range__values\">\n\t\t<span class=\"jet-range__values-prefix\"><\/span><span class=\"jet-range__values-min\">1992<\/span><span class=\"jet-range__values-suffix\"><\/span> \u2014 <span class=\"jet-range__values-prefix\"><\/span><span class=\"jet-range__values-max\">2026<\/span><span class=\"jet-range__values-suffix\"><\/span>\n\t<\/div>\n\t<\/div><\/div>\t\t\t\t<\/div>\n\t\t\t\t<\/div>\n\t\t\t\t\t<\/div>\n\t\t<\/div>\n\t\t\t\t\t<\/div>\n\t\t<\/section>\n\t\t\t\t<section class=\"elementor-section elementor-top-section elementor-element elementor-element-1261814 elementor-section-boxed elementor-section-height-default elementor-section-height-default\" data-id=\"1261814\" data-element_type=\"section\">\n\t\t\t\t\t\t<div class=\"elementor-container elementor-column-gap-default\">\n\t\t\t\t\t<div class=\"elementor-column elementor-col-100 elementor-top-column elementor-element elementor-element-72694cd\" data-id=\"72694cd\" data-element_type=\"column\">\n\t\t\t<div class=\"elementor-widget-wrap elementor-element-populated\">\n\t\t\t\t\t\t<div class=\"elementor-element elementor-element-7492622 elementor-grid-4 elementor-posts--thumbnail-top elementor-grid-tablet-2 elementor-grid-mobile-1 elementor-widget elementor-widget-posts\" data-id=\"7492622\" data-element_type=\"widget\" data-settings=\"{&quot;custom_columns&quot;:&quot;4&quot;,&quot;custom_columns_tablet&quot;:&quot;2&quot;,&quot;custom_columns_mobile&quot;:&quot;1&quot;,&quot;custom_row_gap&quot;:{&quot;unit&quot;:&quot;px&quot;,&quot;size&quot;:35,&quot;sizes&quot;:[]},&quot;custom_row_gap_tablet&quot;:{&quot;unit&quot;:&quot;px&quot;,&quot;size&quot;:&quot;&quot;,&quot;sizes&quot;:[]},&quot;custom_row_gap_mobile&quot;:{&quot;unit&quot;:&quot;px&quot;,&quot;size&quot;:&quot;&quot;,&quot;sizes&quot;:[]}}\" data-widget_type=\"posts.custom\">\n\t\t\t\t<div class=\"elementor-widget-container\">\n\t\t\t\t\t      <div class=\"ecs-posts elementor-posts-container elementor-posts   elementor-grid elementor-posts--skin-custom\" data-settings=\"{&quot;current_page&quot;:1,&quot;max_num_pages&quot;:0,&quot;load_method&quot;:&quot;&quot;,&quot;widget_id&quot;:&quot;7492622&quot;,&quot;post_id&quot;:16255,&quot;theme_id&quot;:16255,&quot;change_url&quot;:false,&quot;reinit_js&quot;:false}\">\n      <div class=\"elementor-posts-nothing-found\"><\/div>\t\t<\/div>\n\t\t\t\t\t\t<\/div>\n\t\t\t\t<\/div>\n\t\t\t\t\t<\/div>\n\t\t<\/div>\n\t\t\t\t\t<\/div>\n\t\t<\/section>\n\t\t\t\t<\/div>\n\t\t","protected":false},"excerpt":{"rendered":"<p>Gentilhomme de fortune Corto, comme un Ulysse moderne, rejoint la constellation des grands voyageurs, des visionnaires qui r\u00eavent de la magie de l&rsquo;Orient. L&rsquo;ANTI-H\u00c9ROS EMBL\u00c9MATIQUE Corto est suffisamment sceptique et d\u00e9senchant\u00e9 pour ne pas se faire d&rsquo;illusions sur la nature humaine, mais il est toujours pr\u00eat \u00e0 croire ou \u00e0 se battre au nom de [&hellip;]<\/p>\n","protected":false},"author":1,"featured_media":0,"parent":0,"menu_order":0,"comment_status":"closed","ping_status":"closed","template":"elementor_header_footer","meta":{"footnotes":""},"class_list":["post-16255","page","type-page","status-publish","hentry"],"_links":{"self":[{"href":"https:\/\/www.cong-pratt.com\/fr\/wp-json\/wp\/v2\/pages\/16255","targetHints":{"allow":["GET"]}}],"collection":[{"href":"https:\/\/www.cong-pratt.com\/fr\/wp-json\/wp\/v2\/pages"}],"about":[{"href":"https:\/\/www.cong-pratt.com\/fr\/wp-json\/wp\/v2\/types\/page"}],"author":[{"embeddable":true,"href":"https:\/\/www.cong-pratt.com\/fr\/wp-json\/wp\/v2\/users\/1"}],"replies":[{"embeddable":true,"href":"https:\/\/www.cong-pratt.com\/fr\/wp-json\/wp\/v2\/comments?post=16255"}],"version-history":[{"count":48,"href":"https:\/\/www.cong-pratt.com\/fr\/wp-json\/wp\/v2\/pages\/16255\/revisions"}],"predecessor-version":[{"id":20448,"href":"https:\/\/www.cong-pratt.com\/fr\/wp-json\/wp\/v2\/pages\/16255\/revisions\/20448"}],"wp:attachment":[{"href":"https:\/\/www.cong-pratt.com\/fr\/wp-json\/wp\/v2\/media?parent=16255"}],"curies":[{"name":"wp","href":"https:\/\/api.w.org\/{rel}","templated":true}]}}