{"id":17336,"date":"2021-08-06T11:29:06","date_gmt":"2021-08-06T09:29:06","guid":{"rendered":"https:\/\/www.cong-pratt.com\/homepage\/"},"modified":"2021-08-14T06:30:45","modified_gmt":"2021-08-14T04:30:45","slug":"homepage","status":"publish","type":"page","link":"https:\/\/www.cong-pratt.com\/fr\/","title":{"rendered":"Homepage"},"content":{"rendered":"\t\t<div data-elementor-type=\"wp-page\" data-elementor-id=\"17336\" class=\"elementor elementor-17336 elementor-16748\" data-elementor-post-type=\"page\">\n\t\t\t\t\t\t<section class=\"elementor-section elementor-top-section elementor-element elementor-element-211a6ea elementor-section-height-min-height elementor-section-boxed elementor-section-height-default elementor-section-items-middle\" data-id=\"211a6ea\" data-element_type=\"section\" data-settings=\"{&quot;background_background&quot;:&quot;slideshow&quot;,&quot;background_slideshow_gallery&quot;:[{&quot;id&quot;:16809,&quot;url&quot;:&quot;https:\\\/\\\/www.cong-pratt.com\\\/wp-content\\\/uploads\\\/2021\\\/08\\\/HP_bg_05-Hugo-Pratt-al-lago-di-Assal-a-Djibouti-1981.jpg&quot;},{&quot;id&quot;:16814,&quot;url&quot;:&quot;https:\\\/\\\/www.cong-pratt.com\\\/wp-content\\\/uploads\\\/2021\\\/08\\\/HP_bg_06-Venezia-1952.-Da-sinistra-a-destra_-G.-Bellavitis-H.-Pratt-G.-G.-Guarda.jpg&quot;},{&quot;id&quot;:16819,&quot;url&quot;:&quot;https:\\\/\\\/www.cong-pratt.com\\\/wp-content\\\/uploads\\\/2021\\\/08\\\/HP_bg_07.Hugo-Pratt-in-Bretagna-anni-60.jpg&quot;},{&quot;id&quot;:16824,&quot;url&quot;:&quot;https:\\\/\\\/www.cong-pratt.com\\\/wp-content\\\/uploads\\\/2021\\\/08\\\/HP_bg_01-Hugo-Pratt-a-Venezia-1945.jpeg&quot;},{&quot;id&quot;:16829,&quot;url&quot;:&quot;https:\\\/\\\/www.cong-pratt.com\\\/wp-content\\\/uploads\\\/2021\\\/08\\\/HP_bg_03-Hugo-Pratt-allIsola-di-Pasqua-1988.jpg&quot;},{&quot;id&quot;:16834,&quot;url&quot;:&quot;https:\\\/\\\/www.cong-pratt.com\\\/wp-content\\\/uploads\\\/2021\\\/08\\\/HP_bg_04-Hugo-Pratt-ad-Arles-davanti-il-famoso-ponte-di-Van-Gogh-1987.jpg&quot;}],&quot;background_slideshow_slide_duration&quot;:7000,&quot;background_slideshow_ken_burns&quot;:&quot;yes&quot;,&quot;background_slideshow_ken_burns_zoom_direction&quot;:&quot;out&quot;,&quot;background_slideshow_loop&quot;:&quot;yes&quot;,&quot;background_slideshow_slide_transition&quot;:&quot;fade&quot;,&quot;background_slideshow_transition_duration&quot;:500}\">\n\t\t\t\t\t\t<div class=\"elementor-container elementor-column-gap-no\">\n\t\t\t\t\t<div class=\"elementor-column elementor-col-50 elementor-top-column elementor-element elementor-element-5ea6a07\" data-id=\"5ea6a07\" data-element_type=\"column\">\n\t\t\t<div class=\"elementor-widget-wrap elementor-element-populated\">\n\t\t\t\t\t\t<div class=\"elementor-element elementor-element-4b3c0da elementor-grid-1 elementor-posts--thumbnail-top elementor-grid-tablet-2 elementor-grid-mobile-1 elementor-pagination-position-outside elementor-widget elementor-widget-posts\" data-id=\"4b3c0da\" data-element_type=\"widget\" data-settings=\"{&quot;custom_post_slider&quot;:&quot;yes&quot;,&quot;custom_slides_to_show&quot;:&quot;1&quot;,&quot;custom_columns&quot;:&quot;1&quot;,&quot;custom_navigation&quot;:&quot;both&quot;,&quot;custom_columns_tablet&quot;:&quot;2&quot;,&quot;custom_columns_mobile&quot;:&quot;1&quot;,&quot;custom_row_gap&quot;:{&quot;unit&quot;:&quot;px&quot;,&quot;size&quot;:35,&quot;sizes&quot;:[]},&quot;custom_row_gap_tablet&quot;:{&quot;unit&quot;:&quot;px&quot;,&quot;size&quot;:&quot;&quot;,&quot;sizes&quot;:[]},&quot;custom_row_gap_mobile&quot;:{&quot;unit&quot;:&quot;px&quot;,&quot;size&quot;:&quot;&quot;,&quot;sizes&quot;:[]},&quot;custom_slide_gap&quot;:{&quot;unit&quot;:&quot;px&quot;,&quot;size&quot;:15,&quot;sizes&quot;:[]},&quot;custom_pause_on_hover&quot;:&quot;yes&quot;,&quot;custom_autoplay&quot;:&quot;yes&quot;,&quot;custom_autoplay_speed&quot;:5000,&quot;custom_infinite&quot;:&quot;yes&quot;,&quot;custom_speed&quot;:500,&quot;custom_direction&quot;:&quot;ltr&quot;}\" data-widget_type=\"posts.custom\">\n\t\t\t\t<div class=\"elementor-widget-container\">\n\t\t\t\t\t<div class=\"elementor-main-swiper swiper-container swiper\">      <div class=\"ecs-posts elementor-posts-container elementor-posts swiper-wrapper   elementor-posts--skin-custom\" data-settings=\"{&quot;current_page&quot;:1,&quot;max_num_pages&quot;:&quot;5&quot;,&quot;load_method&quot;:&quot;&quot;,&quot;widget_id&quot;:&quot;4b3c0da&quot;,&quot;post_id&quot;:17336,&quot;theme_id&quot;:17336,&quot;change_url&quot;:false,&quot;reinit_js&quot;:false}\">\n      \t\t<article id=\"post-33851\" class=\"elementor-post elementor-grid-item ecs-post-loop swiper-slide post-33851 post type-post status-publish format-standard has-post-thumbnail hentry category-news-fr-2 tag-corto-maltese-fr-2 tag-hugo-pratt-fr\">\n\t\t\t\t<div data-elementor-type=\"loop\" data-elementor-id=\"16011\" class=\"elementor elementor-16011 post-33851 post type-post status-publish format-standard has-post-thumbnail hentry category-news-fr-2 tag-corto-maltese-fr-2 tag-hugo-pratt-fr\" data-elementor-post-type=\"elementor_library\">\n\t\t\t\t\t<section class=\"elementor-section elementor-top-section elementor-element elementor-element-8245024 elementor-section-full_width elementor-section-height-default elementor-section-height-default\" data-id=\"8245024\" data-element_type=\"section\">\n\t\t\t\t\t\t<div class=\"elementor-container elementor-column-gap-default\">\n\t\t\t\t\t<div class=\"elementor-column elementor-col-100 elementor-top-column elementor-element elementor-element-51e0378\" data-id=\"51e0378\" data-element_type=\"column\">\n\t\t\t<div class=\"elementor-widget-wrap elementor-element-populated\">\n\t\t\t\t\t\t<div class=\"elementor-element elementor-element-3ebca7d elementor-widget elementor-widget-theme-post-featured-image elementor-widget-image\" data-id=\"3ebca7d\" data-element_type=\"widget\" data-widget_type=\"theme-post-featured-image.default\">\n\t\t\t\t<div class=\"elementor-widget-container\">\n\t\t\t\t\t\t\t\t\t\t\t\t\t\t\t\t<a href=\"https:\/\/www.cong-pratt.com\/fr\/de-hugo-pratt-a-corto-maltese-un-voyage-dans-les-histoires-en-provence-a-loccasion-du-festival-rencontres-du-9e-art\/\">\n\t\t\t\t\t\t\t<img fetchpriority=\"high\" decoding=\"async\" width=\"1920\" height=\"1080\" src=\"https:\/\/www.cong-pratt.com\/wp-content\/uploads\/2026\/04\/Aix-en-provence_cover.jpg\" class=\"attachment-full size-full wp-image-33855\" alt=\"Aix-en-Provence\" srcset=\"https:\/\/www.cong-pratt.com\/wp-content\/uploads\/2026\/04\/Aix-en-provence_cover.jpg 1920w, https:\/\/www.cong-pratt.com\/wp-content\/uploads\/2026\/04\/Aix-en-provence_cover-300x169.jpg 300w, https:\/\/www.cong-pratt.com\/wp-content\/uploads\/2026\/04\/Aix-en-provence_cover-1024x576.jpg 1024w, https:\/\/www.cong-pratt.com\/wp-content\/uploads\/2026\/04\/Aix-en-provence_cover-768x432.jpg 768w, https:\/\/www.cong-pratt.com\/wp-content\/uploads\/2026\/04\/Aix-en-provence_cover-1536x864.jpg 1536w, https:\/\/www.cong-pratt.com\/wp-content\/uploads\/2026\/04\/Aix-en-provence_cover-600x338.jpg 600w\" sizes=\"(max-width: 1920px) 100vw, 1920px\" \/>\t\t\t\t\t\t\t\t<\/a>\n\t\t\t\t\t\t\t\t\t\t\t\t\t\t\t<\/div>\n\t\t\t\t<\/div>\n\t\t\t\t<div class=\"elementor-element elementor-element-18e90dc elementor-widget elementor-widget-heading\" data-id=\"18e90dc\" data-element_type=\"widget\" data-widget_type=\"heading.default\">\n\t\t\t\t<div class=\"elementor-widget-container\">\n\t\t\t\t\t<h2 class=\"elementor-heading-title elementor-size-default\"><a href=\"https:\/\/www.cong-pratt.com\/fr\/category\/news-fr-2\/\" rel=\"tag\">News<\/a><\/h2>\t\t\t\t<\/div>\n\t\t\t\t<\/div>\n\t\t\t\t<div class=\"elementor-element elementor-element-6fd58ff elementor-widget elementor-widget-heading\" data-id=\"6fd58ff\" data-element_type=\"widget\" data-widget_type=\"heading.default\">\n\t\t\t\t<div class=\"elementor-widget-container\">\n\t\t\t\t\t<h2 class=\"elementor-heading-title elementor-size-default\"><a href=\"https:\/\/www.cong-pratt.com\/fr\/de-hugo-pratt-a-corto-maltese-un-voyage-dans-les-histoires-en-provence-a-loccasion-du-festival-rencontres-du-9e-art\/\">De Hugo Pratt \u00e0 Corto Maltese. Un voyage dans les histoires en Provence \u00e0 l\u2019occasion du Festival Rencontres du 9e art.<\/a><\/h2>\t\t\t\t<\/div>\n\t\t\t\t<\/div>\n\t\t\t\t<div class=\"elementor-element elementor-element-c7fa154 elementor-widget-divider--view-line elementor-widget elementor-widget-divider\" data-id=\"c7fa154\" data-element_type=\"widget\" data-widget_type=\"divider.default\">\n\t\t\t\t<div class=\"elementor-widget-container\">\n\t\t\t\t\t\t\t<div class=\"elementor-divider\">\n\t\t\t<span class=\"elementor-divider-separator\">\n\t\t\t\t\t\t<\/span>\n\t\t<\/div>\n\t\t\t\t\t\t<\/div>\n\t\t\t\t<\/div>\n\t\t\t\t<section class=\"elementor-section elementor-inner-section elementor-element elementor-element-8ddda72 elementor-section-full_width elementor-section-height-default elementor-section-height-default\" data-id=\"8ddda72\" data-element_type=\"section\">\n\t\t\t\t\t\t<div class=\"elementor-container elementor-column-gap-no\">\n\t\t\t\t\t<div class=\"elementor-column elementor-col-50 elementor-inner-column elementor-element elementor-element-ed27655\" data-id=\"ed27655\" data-element_type=\"column\">\n\t\t\t<div class=\"elementor-widget-wrap elementor-element-populated\">\n\t\t\t\t\t\t<div class=\"elementor-element elementor-element-2ca3568 elementor-widget elementor-widget-heading\" data-id=\"2ca3568\" data-element_type=\"widget\" data-widget_type=\"heading.default\">\n\t\t\t\t<div class=\"elementor-widget-container\">\n\t\t\t\t\t<h2 class=\"elementor-heading-title elementor-size-default\">6 avril 2026<\/h2>\t\t\t\t<\/div>\n\t\t\t\t<\/div>\n\t\t\t\t\t<\/div>\n\t\t<\/div>\n\t\t\t\t<div class=\"elementor-column elementor-col-50 elementor-inner-column elementor-element elementor-element-80f235c\" data-id=\"80f235c\" data-element_type=\"column\">\n\t\t\t<div class=\"elementor-widget-wrap elementor-element-populated\">\n\t\t\t\t\t\t<div class=\"elementor-element elementor-element-aa2cda5 elementor-widget elementor-widget-image\" data-id=\"aa2cda5\" data-element_type=\"widget\" data-widget_type=\"image.default\">\n\t\t\t\t<div class=\"elementor-widget-container\">\n\t\t\t\t\t\t\t\t\t\t\t\t\t\t\t\t<a href=\"https:\/\/www.cong-pratt.com\/fr\/de-hugo-pratt-a-corto-maltese-un-voyage-dans-les-histoires-en-provence-a-loccasion-du-festival-rencontres-du-9e-art\/\">\n\t\t\t\t\t\t\t<img decoding=\"async\" width=\"20\" height=\"27\" src=\"https:\/\/www.cong-pratt.com\/wp-content\/uploads\/2021\/06\/Arrow.png\" class=\"attachment-large size-large wp-image-625\" alt=\"\" \/>\t\t\t\t\t\t\t\t<\/a>\n\t\t\t\t\t\t\t\t\t\t\t\t\t\t\t<\/div>\n\t\t\t\t<\/div>\n\t\t\t\t\t<\/div>\n\t\t<\/div>\n\t\t\t\t\t<\/div>\n\t\t<\/section>\n\t\t\t\t\t<\/div>\n\t\t<\/div>\n\t\t\t\t\t<\/div>\n\t\t<\/section>\n\t\t\t\t<\/div>\n\t\t\t\t<\/article>\n\t\t\t\t<article id=\"post-33808\" class=\"elementor-post elementor-grid-item ecs-post-loop swiper-slide post-33808 post type-post status-publish format-standard has-post-thumbnail hentry category-news-fr-2 tag-corto-maltese-fr-2 tag-hugo-pratt-fr tag-mostra-fr\">\n\t\t\t\t<div data-elementor-type=\"loop\" data-elementor-id=\"16011\" class=\"elementor elementor-16011 post-33808 post type-post status-publish format-standard has-post-thumbnail hentry category-news-fr-2 tag-corto-maltese-fr-2 tag-hugo-pratt-fr tag-mostra-fr\" data-elementor-post-type=\"elementor_library\">\n\t\t\t\t\t<section class=\"elementor-section elementor-top-section elementor-element elementor-element-8245024 elementor-section-full_width elementor-section-height-default elementor-section-height-default\" data-id=\"8245024\" data-element_type=\"section\">\n\t\t\t\t\t\t<div class=\"elementor-container elementor-column-gap-default\">\n\t\t\t\t\t<div class=\"elementor-column elementor-col-100 elementor-top-column elementor-element elementor-element-51e0378\" data-id=\"51e0378\" data-element_type=\"column\">\n\t\t\t<div class=\"elementor-widget-wrap elementor-element-populated\">\n\t\t\t\t\t\t<div class=\"elementor-element elementor-element-3ebca7d elementor-widget elementor-widget-theme-post-featured-image elementor-widget-image\" data-id=\"3ebca7d\" data-element_type=\"widget\" data-widget_type=\"theme-post-featured-image.default\">\n\t\t\t\t<div class=\"elementor-widget-container\">\n\t\t\t\t\t\t\t\t\t\t\t\t\t\t\t\t<a href=\"https:\/\/www.cong-pratt.com\/fr\/de-sienne-a-liege-lexposition-geographies-imaginaires-rend-hommage-a-lart-dhugo-pratt-et-revient-en-belgique-a-partir-du-26-mars\/\">\n\t\t\t\t\t\t\t<img decoding=\"async\" width=\"1920\" height=\"1080\" src=\"https:\/\/www.cong-pratt.com\/wp-content\/uploads\/2026\/03\/Cover_ExpoLiegi.jpg\" class=\"attachment-full size-full wp-image-33814\" alt=\"Hugo Pratt Liegi\" srcset=\"https:\/\/www.cong-pratt.com\/wp-content\/uploads\/2026\/03\/Cover_ExpoLiegi.jpg 1920w, https:\/\/www.cong-pratt.com\/wp-content\/uploads\/2026\/03\/Cover_ExpoLiegi-300x169.jpg 300w, https:\/\/www.cong-pratt.com\/wp-content\/uploads\/2026\/03\/Cover_ExpoLiegi-1024x576.jpg 1024w, https:\/\/www.cong-pratt.com\/wp-content\/uploads\/2026\/03\/Cover_ExpoLiegi-768x432.jpg 768w, https:\/\/www.cong-pratt.com\/wp-content\/uploads\/2026\/03\/Cover_ExpoLiegi-1536x864.jpg 1536w, https:\/\/www.cong-pratt.com\/wp-content\/uploads\/2026\/03\/Cover_ExpoLiegi-600x338.jpg 600w\" sizes=\"(max-width: 1920px) 100vw, 1920px\" \/>\t\t\t\t\t\t\t\t<\/a>\n\t\t\t\t\t\t\t\t\t\t\t\t\t\t\t<\/div>\n\t\t\t\t<\/div>\n\t\t\t\t<div class=\"elementor-element elementor-element-18e90dc elementor-widget elementor-widget-heading\" data-id=\"18e90dc\" data-element_type=\"widget\" data-widget_type=\"heading.default\">\n\t\t\t\t<div class=\"elementor-widget-container\">\n\t\t\t\t\t<h2 class=\"elementor-heading-title elementor-size-default\"><a href=\"https:\/\/www.cong-pratt.com\/fr\/category\/news-fr-2\/\" rel=\"tag\">News<\/a><\/h2>\t\t\t\t<\/div>\n\t\t\t\t<\/div>\n\t\t\t\t<div class=\"elementor-element elementor-element-6fd58ff elementor-widget elementor-widget-heading\" data-id=\"6fd58ff\" data-element_type=\"widget\" data-widget_type=\"heading.default\">\n\t\t\t\t<div class=\"elementor-widget-container\">\n\t\t\t\t\t<h2 class=\"elementor-heading-title elementor-size-default\"><a href=\"https:\/\/www.cong-pratt.com\/fr\/de-sienne-a-liege-lexposition-geographies-imaginaires-rend-hommage-a-lart-dhugo-pratt-et-revient-en-belgique-a-partir-du-26-mars\/\">De Sienne \u00e0 Li\u00e8ge : l&rsquo;exposition \u00ab G\u00e9ographies imaginaires \u00bb rend hommage \u00e0 l&rsquo;art d&rsquo;Hugo Pratt et revient en Belgique \u00e0 partir du 26 mars<\/a><\/h2>\t\t\t\t<\/div>\n\t\t\t\t<\/div>\n\t\t\t\t<div class=\"elementor-element elementor-element-c7fa154 elementor-widget-divider--view-line elementor-widget elementor-widget-divider\" data-id=\"c7fa154\" data-element_type=\"widget\" data-widget_type=\"divider.default\">\n\t\t\t\t<div class=\"elementor-widget-container\">\n\t\t\t\t\t\t\t<div class=\"elementor-divider\">\n\t\t\t<span class=\"elementor-divider-separator\">\n\t\t\t\t\t\t<\/span>\n\t\t<\/div>\n\t\t\t\t\t\t<\/div>\n\t\t\t\t<\/div>\n\t\t\t\t<section class=\"elementor-section elementor-inner-section elementor-element elementor-element-8ddda72 elementor-section-full_width elementor-section-height-default elementor-section-height-default\" data-id=\"8ddda72\" data-element_type=\"section\">\n\t\t\t\t\t\t<div class=\"elementor-container elementor-column-gap-no\">\n\t\t\t\t\t<div class=\"elementor-column elementor-col-50 elementor-inner-column elementor-element elementor-element-ed27655\" data-id=\"ed27655\" data-element_type=\"column\">\n\t\t\t<div class=\"elementor-widget-wrap elementor-element-populated\">\n\t\t\t\t\t\t<div class=\"elementor-element elementor-element-2ca3568 elementor-widget elementor-widget-heading\" data-id=\"2ca3568\" data-element_type=\"widget\" data-widget_type=\"heading.default\">\n\t\t\t\t<div class=\"elementor-widget-container\">\n\t\t\t\t\t<h2 class=\"elementor-heading-title elementor-size-default\">18 mars 2026<\/h2>\t\t\t\t<\/div>\n\t\t\t\t<\/div>\n\t\t\t\t\t<\/div>\n\t\t<\/div>\n\t\t\t\t<div class=\"elementor-column elementor-col-50 elementor-inner-column elementor-element elementor-element-80f235c\" data-id=\"80f235c\" data-element_type=\"column\">\n\t\t\t<div class=\"elementor-widget-wrap elementor-element-populated\">\n\t\t\t\t\t\t<div class=\"elementor-element elementor-element-aa2cda5 elementor-widget elementor-widget-image\" data-id=\"aa2cda5\" data-element_type=\"widget\" data-widget_type=\"image.default\">\n\t\t\t\t<div class=\"elementor-widget-container\">\n\t\t\t\t\t\t\t\t\t\t\t\t\t\t\t\t<a href=\"https:\/\/www.cong-pratt.com\/fr\/de-sienne-a-liege-lexposition-geographies-imaginaires-rend-hommage-a-lart-dhugo-pratt-et-revient-en-belgique-a-partir-du-26-mars\/\">\n\t\t\t\t\t\t\t<img decoding=\"async\" width=\"20\" height=\"27\" src=\"https:\/\/www.cong-pratt.com\/wp-content\/uploads\/2021\/06\/Arrow.png\" class=\"attachment-large size-large wp-image-625\" alt=\"\" \/>\t\t\t\t\t\t\t\t<\/a>\n\t\t\t\t\t\t\t\t\t\t\t\t\t\t\t<\/div>\n\t\t\t\t<\/div>\n\t\t\t\t\t<\/div>\n\t\t<\/div>\n\t\t\t\t\t<\/div>\n\t\t<\/section>\n\t\t\t\t\t<\/div>\n\t\t<\/div>\n\t\t\t\t\t<\/div>\n\t\t<\/section>\n\t\t\t\t<\/div>\n\t\t\t\t<\/article>\n\t\t\t\t<article id=\"post-33055\" class=\"elementor-post elementor-grid-item ecs-post-loop swiper-slide post-33055 post type-post status-publish format-standard has-post-thumbnail hentry category-news-fr-2 tag-award-fr tag-hugo-pratt-fr\">\n\t\t\t\t<div data-elementor-type=\"loop\" data-elementor-id=\"16011\" class=\"elementor elementor-16011 post-33055 post type-post status-publish format-standard has-post-thumbnail hentry category-news-fr-2 tag-award-fr tag-hugo-pratt-fr\" data-elementor-post-type=\"elementor_library\">\n\t\t\t\t\t<section class=\"elementor-section elementor-top-section elementor-element elementor-element-8245024 elementor-section-full_width elementor-section-height-default elementor-section-height-default\" data-id=\"8245024\" data-element_type=\"section\">\n\t\t\t\t\t\t<div class=\"elementor-container elementor-column-gap-default\">\n\t\t\t\t\t<div class=\"elementor-column elementor-col-100 elementor-top-column elementor-element elementor-element-51e0378\" data-id=\"51e0378\" data-element_type=\"column\">\n\t\t\t<div class=\"elementor-widget-wrap elementor-element-populated\">\n\t\t\t\t\t\t<div class=\"elementor-element elementor-element-3ebca7d elementor-widget elementor-widget-theme-post-featured-image elementor-widget-image\" data-id=\"3ebca7d\" data-element_type=\"widget\" data-widget_type=\"theme-post-featured-image.default\">\n\t\t\t\t<div class=\"elementor-widget-container\">\n\t\t\t\t\t\t\t\t\t\t\t\t\t\t\t\t<a href=\"https:\/\/www.cong-pratt.com\/fr\/hugo-pratt-comics-awards-les-laureats-de-la-premiere-edition\/\">\n\t\t\t\t\t\t\t<img loading=\"lazy\" decoding=\"async\" width=\"1920\" height=\"1080\" src=\"https:\/\/www.cong-pratt.com\/wp-content\/uploads\/2025\/11\/CongcoverAwards.jpg\" class=\"attachment-full size-full wp-image-32884\" alt=\"\" srcset=\"https:\/\/www.cong-pratt.com\/wp-content\/uploads\/2025\/11\/CongcoverAwards.jpg 1920w, https:\/\/www.cong-pratt.com\/wp-content\/uploads\/2025\/11\/CongcoverAwards-300x169.jpg 300w, https:\/\/www.cong-pratt.com\/wp-content\/uploads\/2025\/11\/CongcoverAwards-1024x576.jpg 1024w, https:\/\/www.cong-pratt.com\/wp-content\/uploads\/2025\/11\/CongcoverAwards-768x432.jpg 768w, https:\/\/www.cong-pratt.com\/wp-content\/uploads\/2025\/11\/CongcoverAwards-1536x864.jpg 1536w, https:\/\/www.cong-pratt.com\/wp-content\/uploads\/2025\/11\/CongcoverAwards-600x338.jpg 600w\" sizes=\"(max-width: 1920px) 100vw, 1920px\" \/>\t\t\t\t\t\t\t\t<\/a>\n\t\t\t\t\t\t\t\t\t\t\t\t\t\t\t<\/div>\n\t\t\t\t<\/div>\n\t\t\t\t<div class=\"elementor-element elementor-element-18e90dc elementor-widget elementor-widget-heading\" data-id=\"18e90dc\" data-element_type=\"widget\" data-widget_type=\"heading.default\">\n\t\t\t\t<div class=\"elementor-widget-container\">\n\t\t\t\t\t<h2 class=\"elementor-heading-title elementor-size-default\"><a href=\"https:\/\/www.cong-pratt.com\/fr\/category\/news-fr-2\/\" rel=\"tag\">News<\/a><\/h2>\t\t\t\t<\/div>\n\t\t\t\t<\/div>\n\t\t\t\t<div class=\"elementor-element elementor-element-6fd58ff elementor-widget elementor-widget-heading\" data-id=\"6fd58ff\" data-element_type=\"widget\" data-widget_type=\"heading.default\">\n\t\t\t\t<div class=\"elementor-widget-container\">\n\t\t\t\t\t<h2 class=\"elementor-heading-title elementor-size-default\"><a href=\"https:\/\/www.cong-pratt.com\/fr\/hugo-pratt-comics-awards-les-laureats-de-la-premiere-edition\/\">Hugo Pratt Comics Awards : les laur\u00e9ats de la premi\u00e8re \u00e9dition<\/a><\/h2>\t\t\t\t<\/div>\n\t\t\t\t<\/div>\n\t\t\t\t<div class=\"elementor-element elementor-element-c7fa154 elementor-widget-divider--view-line elementor-widget elementor-widget-divider\" data-id=\"c7fa154\" data-element_type=\"widget\" data-widget_type=\"divider.default\">\n\t\t\t\t<div class=\"elementor-widget-container\">\n\t\t\t\t\t\t\t<div class=\"elementor-divider\">\n\t\t\t<span class=\"elementor-divider-separator\">\n\t\t\t\t\t\t<\/span>\n\t\t<\/div>\n\t\t\t\t\t\t<\/div>\n\t\t\t\t<\/div>\n\t\t\t\t<section class=\"elementor-section elementor-inner-section elementor-element elementor-element-8ddda72 elementor-section-full_width elementor-section-height-default elementor-section-height-default\" data-id=\"8ddda72\" data-element_type=\"section\">\n\t\t\t\t\t\t<div class=\"elementor-container elementor-column-gap-no\">\n\t\t\t\t\t<div class=\"elementor-column elementor-col-50 elementor-inner-column elementor-element elementor-element-ed27655\" data-id=\"ed27655\" data-element_type=\"column\">\n\t\t\t<div class=\"elementor-widget-wrap elementor-element-populated\">\n\t\t\t\t\t\t<div class=\"elementor-element elementor-element-2ca3568 elementor-widget elementor-widget-heading\" data-id=\"2ca3568\" data-element_type=\"widget\" data-widget_type=\"heading.default\">\n\t\t\t\t<div class=\"elementor-widget-container\">\n\t\t\t\t\t<h2 class=\"elementor-heading-title elementor-size-default\">7 novembre 2025<\/h2>\t\t\t\t<\/div>\n\t\t\t\t<\/div>\n\t\t\t\t\t<\/div>\n\t\t<\/div>\n\t\t\t\t<div class=\"elementor-column elementor-col-50 elementor-inner-column elementor-element elementor-element-80f235c\" data-id=\"80f235c\" data-element_type=\"column\">\n\t\t\t<div class=\"elementor-widget-wrap elementor-element-populated\">\n\t\t\t\t\t\t<div class=\"elementor-element elementor-element-aa2cda5 elementor-widget elementor-widget-image\" data-id=\"aa2cda5\" data-element_type=\"widget\" data-widget_type=\"image.default\">\n\t\t\t\t<div class=\"elementor-widget-container\">\n\t\t\t\t\t\t\t\t\t\t\t\t\t\t\t\t<a href=\"https:\/\/www.cong-pratt.com\/fr\/hugo-pratt-comics-awards-les-laureats-de-la-premiere-edition\/\">\n\t\t\t\t\t\t\t<img decoding=\"async\" width=\"20\" height=\"27\" src=\"https:\/\/www.cong-pratt.com\/wp-content\/uploads\/2021\/06\/Arrow.png\" class=\"attachment-large size-large wp-image-625\" alt=\"\" \/>\t\t\t\t\t\t\t\t<\/a>\n\t\t\t\t\t\t\t\t\t\t\t\t\t\t\t<\/div>\n\t\t\t\t<\/div>\n\t\t\t\t\t<\/div>\n\t\t<\/div>\n\t\t\t\t\t<\/div>\n\t\t<\/section>\n\t\t\t\t\t<\/div>\n\t\t<\/div>\n\t\t\t\t\t<\/div>\n\t\t<\/section>\n\t\t\t\t<\/div>\n\t\t\t\t<\/article>\n\t\t\t\t<\/div>\n\t\t\t\t\t\t\t\t\t\t\t<div class=\"swiper-pagination\"><\/div>\n\t\t\t\t\t\t\t\t\t\t\t\t\t<div class=\"elementor-swiper-button elementor-swiper-button-prev\">\n\t\t\t\t\t\t<i class=\"eicon-chevron-left\" aria-hidden=\"true\"><\/i>\n\t\t\t\t\t\t<span class=\"elementor-screen-only\">Pr\u00e9c\u00e9dent<\/span>\n\t\t\t\t\t<\/div>\n\t\t\t\t\t<div class=\"elementor-swiper-button elementor-swiper-button-next\">\n\t\t\t\t\t\t<i class=\"eicon-chevron-right\" aria-hidden=\"true\"><\/i>\n\t\t\t\t\t\t<span class=\"elementor-screen-only\">Suivant<\/span>\n\t\t\t\t\t<\/div>\n\t\t\t\t\t\t\t<\/div>\t\t\t\t<\/div>\n\t\t\t\t<\/div>\n\t\t\t\t\t<\/div>\n\t\t<\/div>\n\t\t\t\t<div class=\"elementor-column elementor-col-50 elementor-top-column elementor-element elementor-element-11cc810\" data-id=\"11cc810\" data-element_type=\"column\">\n\t\t\t<div class=\"elementor-widget-wrap\">\n\t\t\t\t\t\t\t<\/div>\n\t\t<\/div>\n\t\t\t\t\t<\/div>\n\t\t<\/section>\n\t\t\t\t<\/div>\n\t\t","protected":false},"excerpt":{"rendered":"","protected":false},"author":1,"featured_media":0,"parent":0,"menu_order":0,"comment_status":"closed","ping_status":"closed","template":"elementor_header_footer","meta":{"footnotes":""},"class_list":["post-17336","page","type-page","status-publish","hentry"],"_links":{"self":[{"href":"https:\/\/www.cong-pratt.com\/fr\/wp-json\/wp\/v2\/pages\/17336","targetHints":{"allow":["GET"]}}],"collection":[{"href":"https:\/\/www.cong-pratt.com\/fr\/wp-json\/wp\/v2\/pages"}],"about":[{"href":"https:\/\/www.cong-pratt.com\/fr\/wp-json\/wp\/v2\/types\/page"}],"author":[{"embeddable":true,"href":"https:\/\/www.cong-pratt.com\/fr\/wp-json\/wp\/v2\/users\/1"}],"replies":[{"embeddable":true,"href":"https:\/\/www.cong-pratt.com\/fr\/wp-json\/wp\/v2\/comments?post=17336"}],"version-history":[{"count":4,"href":"https:\/\/www.cong-pratt.com\/fr\/wp-json\/wp\/v2\/pages\/17336\/revisions"}],"predecessor-version":[{"id":17735,"href":"https:\/\/www.cong-pratt.com\/fr\/wp-json\/wp\/v2\/pages\/17336\/revisions\/17735"}],"wp:attachment":[{"href":"https:\/\/www.cong-pratt.com\/fr\/wp-json\/wp\/v2\/media?parent=17336"}],"curies":[{"name":"wp","href":"https:\/\/api.w.org\/{rel}","templated":true}]}}