{"id":18107,"date":"2021-07-14T16:14:03","date_gmt":"2021-07-14T14:14:03","guid":{"rendered":"https:\/\/www.cong-pratt.com\/autore-e-autori\/"},"modified":"2021-08-26T07:39:57","modified_gmt":"2021-08-26T05:39:57","slug":"auteur-et-auteurs","status":"publish","type":"page","link":"https:\/\/www.cong-pratt.com\/fr\/auteur-et-auteurs\/","title":{"rendered":"Auteur et auteurs"},"content":{"rendered":"\t\t<div data-elementor-type=\"wp-page\" data-elementor-id=\"18107\" class=\"elementor elementor-18107 elementor-1357\" data-elementor-post-type=\"page\">\n\t\t\t\t\t\t<section class=\"elementor-section elementor-top-section elementor-element elementor-element-3f71578 elementor-section-full_width elementor-section-height-min-height elementor-section-height-default elementor-section-items-middle\" data-id=\"3f71578\" data-element_type=\"section\" data-settings=\"{&quot;background_background&quot;:&quot;classic&quot;}\">\n\t\t\t\t\t\t<div class=\"elementor-container elementor-column-gap-no\">\n\t\t\t\t\t<div class=\"elementor-column elementor-col-100 elementor-top-column elementor-element elementor-element-9e9c955\" data-id=\"9e9c955\" data-element_type=\"column\">\n\t\t\t<div class=\"elementor-widget-wrap\">\n\t\t\t\t\t\t\t<\/div>\n\t\t<\/div>\n\t\t\t\t\t<\/div>\n\t\t<\/section>\n\t\t\t\t<section class=\"elementor-section elementor-top-section elementor-element elementor-element-2236d2b elementor-section-boxed elementor-section-height-default elementor-section-height-default\" data-id=\"2236d2b\" data-element_type=\"section\">\n\t\t\t\t\t\t<div class=\"elementor-container elementor-column-gap-default\">\n\t\t\t\t\t<div class=\"elementor-column elementor-col-100 elementor-top-column elementor-element elementor-element-280bfdd\" data-id=\"280bfdd\" data-element_type=\"column\">\n\t\t\t<div class=\"elementor-widget-wrap elementor-element-populated\">\n\t\t\t\t\t\t<div class=\"elementor-element elementor-element-af5fbd4 elementor-widget__width-initial elementor-widget-mobile__width-initial elementor-widget elementor-widget-heading\" data-id=\"af5fbd4\" data-element_type=\"widget\" data-widget_type=\"heading.default\">\n\t\t\t\t<div class=\"elementor-widget-container\">\n\t\t\t\t\t<h1 class=\"elementor-heading-title elementor-size-default\">\u00c0 PROPOS <br> D\u2019HUGO<\/h1>\t\t\t\t<\/div>\n\t\t\t\t<\/div>\n\t\t\t\t<div class=\"elementor-element elementor-element-d65864a elementor-widget elementor-widget-heading\" data-id=\"d65864a\" data-element_type=\"widget\" data-widget_type=\"heading.default\">\n\t\t\t\t<div class=\"elementor-widget-container\">\n\t\t\t\t\t<h2 class=\"elementor-heading-title elementor-size-default\">Autobiographies d\u2019une vie <br>et biographies d\u2019auteur\n<\/h2>\t\t\t\t<\/div>\n\t\t\t\t<\/div>\n\t\t\t\t\t<\/div>\n\t\t<\/div>\n\t\t\t\t\t<\/div>\n\t\t<\/section>\n\t\t\t\t<section class=\"elementor-section elementor-top-section elementor-element elementor-element-256293f elementor-section-boxed elementor-section-height-default elementor-section-height-default\" data-id=\"256293f\" data-element_type=\"section\">\n\t\t\t\t\t\t<div class=\"elementor-container elementor-column-gap-wider\">\n\t\t\t\t\t<div class=\"elementor-column elementor-col-50 elementor-top-column elementor-element elementor-element-8290ff5\" data-id=\"8290ff5\" data-element_type=\"column\">\n\t\t\t<div class=\"elementor-widget-wrap elementor-element-populated\">\n\t\t\t\t\t\t<div class=\"elementor-element elementor-element-dd255ef elementor-widget-divider--view-line elementor-widget elementor-widget-divider\" data-id=\"dd255ef\" data-element_type=\"widget\" data-widget_type=\"divider.default\">\n\t\t\t\t<div class=\"elementor-widget-container\">\n\t\t\t\t\t\t\t<div class=\"elementor-divider\">\n\t\t\t<span class=\"elementor-divider-separator\">\n\t\t\t\t\t\t<\/span>\n\t\t<\/div>\n\t\t\t\t\t\t<\/div>\n\t\t\t\t<\/div>\n\t\t\t\t<div class=\"elementor-element elementor-element-d085a11 elementor-widget-mobile__width-initial elementor-widget elementor-widget-heading\" data-id=\"d085a11\" data-element_type=\"widget\" data-widget_type=\"heading.default\">\n\t\t\t\t<div class=\"elementor-widget-container\">\n\t\t\t\t\t<h3 class=\"elementor-heading-title elementor-size-default\">LES ROMANS DE <br> Hugo Pratt<\/h3>\t\t\t\t<\/div>\n\t\t\t\t<\/div>\n\t\t\t\t\t<\/div>\n\t\t<\/div>\n\t\t\t\t<div class=\"elementor-column elementor-col-50 elementor-top-column elementor-element elementor-element-0074c01\" data-id=\"0074c01\" data-element_type=\"column\">\n\t\t\t<div class=\"elementor-widget-wrap elementor-element-populated\">\n\t\t\t\t\t\t<div class=\"elementor-element elementor-element-adbd6e9 elementor-widget elementor-widget-heading\" data-id=\"adbd6e9\" data-element_type=\"widget\" data-widget_type=\"heading.default\">\n\t\t\t\t<div class=\"elementor-widget-container\">\n\t\t\t\t\t<h2 class=\"elementor-heading-title elementor-size-default\">Pratt a aussi \u00e9t\u00e9 son propre narrateur et celui de ses personnages, dans un enchantement d\u2019aventures et de citations. \n<\/h2>\t\t\t\t<\/div>\n\t\t\t\t<\/div>\n\t\t\t\t<div class=\"elementor-element elementor-element-193d250 elementor-widget elementor-widget-spacer\" data-id=\"193d250\" data-element_type=\"widget\" data-widget_type=\"spacer.default\">\n\t\t\t\t<div class=\"elementor-widget-container\">\n\t\t\t\t\t\t\t<div class=\"elementor-spacer\">\n\t\t\t<div class=\"elementor-spacer-inner\"><\/div>\n\t\t<\/div>\n\t\t\t\t\t\t<\/div>\n\t\t\t\t<\/div>\n\t\t\t\t<div class=\"elementor-element elementor-element-d3a4020 elementor-widget elementor-widget-text-editor\" data-id=\"d3a4020\" data-element_type=\"widget\" data-widget_type=\"text-editor.default\">\n\t\t\t\t<div class=\"elementor-widget-container\">\n\t\t\t\t\t\t\t\t\t<p>Son premier livre avait d\u00e9j\u00e0 un titre \u00e9voquant l\u2019ironie de Pratt : \u201cLe pulci penetranti\u201d (NDT \u201cles puces p\u00e9n\u00e9trantes\u201d), une autobiographie issue des souvenirs d\u2019une enfance v\u00e9nitienne et d\u2019une jeunesse africaine. L\u2019ouvrage fut ensuite rebaptis\u00e9 \u201cAspettando Corto\u00a0\u00bb apr\u00e8s ce fameux juillet de 1967. \u00c0 la recherche des traces de ses lectures et de ses h\u00e9ros r\u00e9els et imaginaires, il est all\u00e9 en p\u00e8lerinage dans le Pacifique avec Patrizia Zanotti, et son journal de bord est devenu <em>\u201cJ\u2019avais un rendez-vous\u201d<\/em>. Pratt a \u00e9galement \u00e9crit des romans issus de ses histoires les plus c\u00e9l\u00e8bres : <em>\u201cLa ballade de la mer sal\u00e9e\u201d<\/em>, <em>\u201cCorto en Sib\u00e9rie\u201d<\/em>,<em> \u201cLe Roman de Criss Kenton\u201d<\/em> (inspir\u00e9 de Wheeling) et <em>\u201cJesuit Joe\u201d<\/em>.<span class=\"Apple-converted-space\">\u00a0<\/span><\/p><p class=\"elementor-heading-title elementor-size-default elementor-inline-editing pen\" style=\"font-family: Montserrat, sans-serif; line-height: 25px; font-size: 16px;\" data-elementor-setting-key=\"title\" data-pen-placeholder=\"Digita qui...\">\u00a0<\/p>\t\t\t\t\t\t\t\t<\/div>\n\t\t\t\t<\/div>\n\t\t\t\t\t<\/div>\n\t\t<\/div>\n\t\t\t\t\t<\/div>\n\t\t<\/section>\n\t\t\t\t<section class=\"elementor-section elementor-top-section elementor-element elementor-element-177fa14 elementor-section-boxed elementor-section-height-default elementor-section-height-default\" data-id=\"177fa14\" data-element_type=\"section\">\n\t\t\t\t\t\t<div class=\"elementor-container elementor-column-gap-default\">\n\t\t\t\t\t<div class=\"elementor-column elementor-col-100 elementor-top-column elementor-element elementor-element-50b78a2\" data-id=\"50b78a2\" data-element_type=\"column\">\n\t\t\t<div class=\"elementor-widget-wrap elementor-element-populated\">\n\t\t\t\t\t\t<div class=\"elementor-element elementor-element-d66ad71 elementor-posts--thumbnail-top elementor-grid-3 elementor-grid-tablet-2 elementor-grid-mobile-1 elementor-widget elementor-widget-posts\" data-id=\"d66ad71\" data-element_type=\"widget\" data-settings=\"{&quot;custom_columns&quot;:&quot;3&quot;,&quot;custom_columns_tablet&quot;:&quot;2&quot;,&quot;custom_columns_mobile&quot;:&quot;1&quot;,&quot;custom_row_gap&quot;:{&quot;unit&quot;:&quot;px&quot;,&quot;size&quot;:35,&quot;sizes&quot;:[]},&quot;custom_row_gap_tablet&quot;:{&quot;unit&quot;:&quot;px&quot;,&quot;size&quot;:&quot;&quot;,&quot;sizes&quot;:[]},&quot;custom_row_gap_mobile&quot;:{&quot;unit&quot;:&quot;px&quot;,&quot;size&quot;:&quot;&quot;,&quot;sizes&quot;:[]}}\" data-widget_type=\"posts.custom\">\n\t\t\t\t<div class=\"elementor-widget-container\">\n\t\t\t\t\t      <div class=\"ecs-posts elementor-posts-container elementor-posts   elementor-grid elementor-posts--skin-custom\" data-settings=\"{&quot;current_page&quot;:1,&quot;max_num_pages&quot;:0,&quot;load_method&quot;:&quot;&quot;,&quot;widget_id&quot;:&quot;d66ad71&quot;,&quot;post_id&quot;:18107,&quot;theme_id&quot;:18107,&quot;change_url&quot;:false,&quot;reinit_js&quot;:false}\">\n      <div class=\"elementor-posts-nothing-found\"><\/div>\t\t<\/div>\n\t\t\t\t\t\t<\/div>\n\t\t\t\t<\/div>\n\t\t\t\t\t<\/div>\n\t\t<\/div>\n\t\t\t\t\t<\/div>\n\t\t<\/section>\n\t\t\t\t<section class=\"elementor-section elementor-top-section elementor-element elementor-element-8a42dd8 elementor-section-boxed elementor-section-height-default elementor-section-height-default\" data-id=\"8a42dd8\" data-element_type=\"section\">\n\t\t\t\t\t\t<div class=\"elementor-container elementor-column-gap-wider\">\n\t\t\t\t\t<div class=\"elementor-column elementor-col-50 elementor-top-column elementor-element elementor-element-c43e9d4\" data-id=\"c43e9d4\" data-element_type=\"column\">\n\t\t\t<div class=\"elementor-widget-wrap elementor-element-populated\">\n\t\t\t\t\t\t<div class=\"elementor-element elementor-element-049d4ec elementor-widget-divider--view-line elementor-widget elementor-widget-divider\" data-id=\"049d4ec\" data-element_type=\"widget\" data-widget_type=\"divider.default\">\n\t\t\t\t<div class=\"elementor-widget-container\">\n\t\t\t\t\t\t\t<div class=\"elementor-divider\">\n\t\t\t<span class=\"elementor-divider-separator\">\n\t\t\t\t\t\t<\/span>\n\t\t<\/div>\n\t\t\t\t\t\t<\/div>\n\t\t\t\t<\/div>\n\t\t\t\t<div class=\"elementor-element elementor-element-3ee1e64 elementor-widget-mobile__width-initial elementor-widget elementor-widget-heading\" data-id=\"3ee1e64\" data-element_type=\"widget\" data-widget_type=\"heading.default\">\n\t\t\t\t<div class=\"elementor-widget-container\">\n\t\t\t\t\t<h3 class=\"elementor-heading-title elementor-size-default\">D\u00c9COUVRIR ET <br> RED\u00c9COUVRIR\nPratt<\/h3>\t\t\t\t<\/div>\n\t\t\t\t<\/div>\n\t\t\t\t\t<\/div>\n\t\t<\/div>\n\t\t\t\t<div class=\"elementor-column elementor-col-50 elementor-top-column elementor-element elementor-element-99796f4\" data-id=\"99796f4\" data-element_type=\"column\">\n\t\t\t<div class=\"elementor-widget-wrap elementor-element-populated\">\n\t\t\t\t\t\t<div class=\"elementor-element elementor-element-62d0654 elementor-widget elementor-widget-heading\" data-id=\"62d0654\" data-element_type=\"widget\" data-widget_type=\"heading.default\">\n\t\t\t\t<div class=\"elementor-widget-container\">\n\t\t\t\t\t<h2 class=\"elementor-heading-title elementor-size-default\">Entretiens, biographies et imaginations pour entrer dans l\u2019univers \u201cPrattien\u201d\n<\/h2>\t\t\t\t<\/div>\n\t\t\t\t<\/div>\n\t\t\t\t<div class=\"elementor-element elementor-element-95a5b6e elementor-widget elementor-widget-spacer\" data-id=\"95a5b6e\" data-element_type=\"widget\" data-widget_type=\"spacer.default\">\n\t\t\t\t<div class=\"elementor-widget-container\">\n\t\t\t\t\t\t\t<div class=\"elementor-spacer\">\n\t\t\t<div class=\"elementor-spacer-inner\"><\/div>\n\t\t<\/div>\n\t\t\t\t\t\t<\/div>\n\t\t\t\t<\/div>\n\t\t\t\t<div class=\"elementor-element elementor-element-59466f4 elementor-widget elementor-widget-text-editor\" data-id=\"59466f4\" data-element_type=\"widget\" data-widget_type=\"text-editor.default\">\n\t\t\t\t<div class=\"elementor-widget-container\">\n\t\t\t\t\t\t\t\t\t<p>Nombreux sont ceux qui ont \u00e9crit et ont voulu \u00e9crire sur Hugo Pratt, vu l\u2019impact qu\u2019une rencontre avec lui leur a laiss\u00e9. \u00c0 partir des livres d\u2019interview de Dominique Petitfaux jusqu\u2019\u00e0 la biographie de Thierry Thomas, le souvenir de Pratt trace d\u2019autres pages de sa vie. Parce que &#8211; tel il se passe rarement en litt\u00e9rature &#8211; la vie de l\u2019auteur a \u00e9t\u00e9 pleine d&rsquo;aventures tant celles de ses h\u00e9ros (ou anti-h\u00e9ros), dans une fusion continuelle de plans, dans lequel Pratt est \u00e0 la fois artiste et personnage, narrateur silencieux et acteur sur sc\u00e8ne.<span class=\"Apple-converted-space\">\u00a0<\/span><\/p>\t\t\t\t\t\t\t\t<\/div>\n\t\t\t\t<\/div>\n\t\t\t\t\t<\/div>\n\t\t<\/div>\n\t\t\t\t\t<\/div>\n\t\t<\/section>\n\t\t\t\t<section class=\"elementor-section elementor-top-section elementor-element elementor-element-8005367 elementor-section-boxed elementor-section-height-default elementor-section-height-default\" data-id=\"8005367\" data-element_type=\"section\">\n\t\t\t\t\t\t<div class=\"elementor-container elementor-column-gap-default\">\n\t\t\t\t\t<div class=\"elementor-column elementor-col-100 elementor-top-column elementor-element elementor-element-5a39ab5\" data-id=\"5a39ab5\" data-element_type=\"column\">\n\t\t\t<div class=\"elementor-widget-wrap elementor-element-populated\">\n\t\t\t\t\t\t<div class=\"elementor-element elementor-element-5e7610a elementor-posts--thumbnail-top elementor-grid-3 elementor-grid-tablet-2 elementor-grid-mobile-1 elementor-widget elementor-widget-posts\" data-id=\"5e7610a\" data-element_type=\"widget\" data-settings=\"{&quot;custom_columns&quot;:&quot;3&quot;,&quot;custom_columns_tablet&quot;:&quot;2&quot;,&quot;custom_columns_mobile&quot;:&quot;1&quot;,&quot;custom_row_gap&quot;:{&quot;unit&quot;:&quot;px&quot;,&quot;size&quot;:35,&quot;sizes&quot;:[]},&quot;custom_row_gap_tablet&quot;:{&quot;unit&quot;:&quot;px&quot;,&quot;size&quot;:&quot;&quot;,&quot;sizes&quot;:[]},&quot;custom_row_gap_mobile&quot;:{&quot;unit&quot;:&quot;px&quot;,&quot;size&quot;:&quot;&quot;,&quot;sizes&quot;:[]}}\" data-widget_type=\"posts.custom\">\n\t\t\t\t<div class=\"elementor-widget-container\">\n\t\t\t\t\t      <div class=\"ecs-posts elementor-posts-container elementor-posts   elementor-grid elementor-posts--skin-custom\" data-settings=\"{&quot;current_page&quot;:1,&quot;max_num_pages&quot;:0,&quot;load_method&quot;:&quot;&quot;,&quot;widget_id&quot;:&quot;5e7610a&quot;,&quot;post_id&quot;:18107,&quot;theme_id&quot;:18107,&quot;change_url&quot;:false,&quot;reinit_js&quot;:false}\">\n      <div class=\"elementor-posts-nothing-found\"><\/div>\t\t<\/div>\n\t\t\t\t\t\t<\/div>\n\t\t\t\t<\/div>\n\t\t\t\t\t<\/div>\n\t\t<\/div>\n\t\t\t\t\t<\/div>\n\t\t<\/section>\n\t\t\t\t<section class=\"elementor-section elementor-top-section elementor-element elementor-element-0715eac elementor-section-boxed elementor-section-height-default elementor-section-height-default\" data-id=\"0715eac\" data-element_type=\"section\">\n\t\t\t\t\t\t<div class=\"elementor-container elementor-column-gap-wider\">\n\t\t\t\t\t<div class=\"elementor-column elementor-col-50 elementor-top-column elementor-element elementor-element-ae3f8ad\" data-id=\"ae3f8ad\" data-element_type=\"column\">\n\t\t\t<div class=\"elementor-widget-wrap elementor-element-populated\">\n\t\t\t\t\t\t<div class=\"elementor-element elementor-element-46f4f90 elementor-widget-divider--view-line elementor-widget elementor-widget-divider\" data-id=\"46f4f90\" data-element_type=\"widget\" data-widget_type=\"divider.default\">\n\t\t\t\t<div class=\"elementor-widget-container\">\n\t\t\t\t\t\t\t<div class=\"elementor-divider\">\n\t\t\t<span class=\"elementor-divider-separator\">\n\t\t\t\t\t\t<\/span>\n\t\t<\/div>\n\t\t\t\t\t\t<\/div>\n\t\t\t\t<\/div>\n\t\t\t\t<div class=\"elementor-element elementor-element-e63dd4d elementor-widget-mobile__width-initial elementor-widget elementor-widget-heading\" data-id=\"e63dd4d\" data-element_type=\"widget\" data-widget_type=\"heading.default\">\n\t\t\t\t<div class=\"elementor-widget-container\">\n\t\t\t\t\t<h3 class=\"elementor-heading-title elementor-size-default\">LES CATALOGUES <br> DES EXPOSITIONS\n<\/h3>\t\t\t\t<\/div>\n\t\t\t\t<\/div>\n\t\t\t\t\t<\/div>\n\t\t<\/div>\n\t\t\t\t<div class=\"elementor-column elementor-col-50 elementor-top-column elementor-element elementor-element-f4ce1aa\" data-id=\"f4ce1aa\" data-element_type=\"column\">\n\t\t\t<div class=\"elementor-widget-wrap elementor-element-populated\">\n\t\t\t\t\t\t<div class=\"elementor-element elementor-element-1817827 elementor-widget elementor-widget-heading\" data-id=\"1817827\" data-element_type=\"widget\" data-widget_type=\"heading.default\">\n\t\t\t\t<div class=\"elementor-widget-container\">\n\t\t\t\t\t<h2 class=\"elementor-heading-title elementor-size-default\">Expositions, catalogues, mus\u00e9es du monde qui ont accueilli les \u0153uvres de Hugo Pratt \n<\/h2>\t\t\t\t<\/div>\n\t\t\t\t<\/div>\n\t\t\t\t<div class=\"elementor-element elementor-element-63fbdd2 elementor-widget elementor-widget-spacer\" data-id=\"63fbdd2\" data-element_type=\"widget\" data-widget_type=\"spacer.default\">\n\t\t\t\t<div class=\"elementor-widget-container\">\n\t\t\t\t\t\t\t<div class=\"elementor-spacer\">\n\t\t\t<div class=\"elementor-spacer-inner\"><\/div>\n\t\t<\/div>\n\t\t\t\t\t\t<\/div>\n\t\t\t\t<\/div>\n\t\t\t\t<div class=\"elementor-element elementor-element-9507176 elementor-widget elementor-widget-text-editor\" data-id=\"9507176\" data-element_type=\"widget\" data-widget_type=\"text-editor.default\">\n\t\t\t\t<div class=\"elementor-widget-container\">\n\t\t\t\t\t\t\t\t\t<p>La <strong>premi\u00e8re exposition date de 1965<\/strong>, \u00e0 Venise. Quant \u00e0 la derni\u00e8re, il n&rsquo;y en aura pas, parce qu&rsquo;il y en aura toujours \u00e0 travers le monde. Rome, Milan, Sienne, G\u00eanes, mais aussi Paris, Lyon, Lugano, Buenos Aires, Bordeaux, Odense, Bruxelles. Du mythique Grand Palais au Vittoriano, de Ca\u2019Pesaro au Mus\u00e9e des Confluences, du Palazzo Ducale \u00e0 la Pinacoth\u00e8que de Paris. Un voyage dans le voyage et sur les voyages de Corto Maltese et de ses nombreux fr\u00e8res et amis.<span class=\"Apple-converted-space\">\u00a0<\/span><\/p>\t\t\t\t\t\t\t\t<\/div>\n\t\t\t\t<\/div>\n\t\t\t\t\t<\/div>\n\t\t<\/div>\n\t\t\t\t\t<\/div>\n\t\t<\/section>\n\t\t\t\t<\/div>\n\t\t","protected":false},"excerpt":{"rendered":"<p>\u00c0 PROPOS D\u2019HUGO Autobiographies d\u2019une vie et biographies d\u2019auteur LES ROMANS DE Hugo Pratt Pratt a aussi \u00e9t\u00e9 son propre narrateur et celui de ses personnages, dans un enchantement d\u2019aventures et de citations. Son premier livre avait d\u00e9j\u00e0 un titre \u00e9voquant l\u2019ironie de Pratt : \u201cLe pulci penetranti\u201d (NDT \u201cles puces p\u00e9n\u00e9trantes\u201d), une autobiographie issue [&hellip;]<\/p>\n","protected":false},"author":1,"featured_media":0,"parent":0,"menu_order":0,"comment_status":"closed","ping_status":"closed","template":"elementor_header_footer","meta":{"footnotes":""},"class_list":["post-18107","page","type-page","status-publish","hentry"],"_links":{"self":[{"href":"https:\/\/www.cong-pratt.com\/fr\/wp-json\/wp\/v2\/pages\/18107","targetHints":{"allow":["GET"]}}],"collection":[{"href":"https:\/\/www.cong-pratt.com\/fr\/wp-json\/wp\/v2\/pages"}],"about":[{"href":"https:\/\/www.cong-pratt.com\/fr\/wp-json\/wp\/v2\/types\/page"}],"author":[{"embeddable":true,"href":"https:\/\/www.cong-pratt.com\/fr\/wp-json\/wp\/v2\/users\/1"}],"replies":[{"embeddable":true,"href":"https:\/\/www.cong-pratt.com\/fr\/wp-json\/wp\/v2\/comments?post=18107"}],"version-history":[{"count":31,"href":"https:\/\/www.cong-pratt.com\/fr\/wp-json\/wp\/v2\/pages\/18107\/revisions"}],"predecessor-version":[{"id":19406,"href":"https:\/\/www.cong-pratt.com\/fr\/wp-json\/wp\/v2\/pages\/18107\/revisions\/19406"}],"wp:attachment":[{"href":"https:\/\/www.cong-pratt.com\/fr\/wp-json\/wp\/v2\/media?parent=18107"}],"curies":[{"name":"wp","href":"https:\/\/api.w.org\/{rel}","templated":true}]}}